{"id":7956,"date":"2014-07-04T10:06:07","date_gmt":"2014-07-04T10:06:07","guid":{"rendered":"https:\/\/hair-beauty.vamtam.com\/?page_id=7956"},"modified":"2023-12-08T22:57:37","modified_gmt":"2023-12-08T20:57:37","slug":"service","status":"publish","type":"page","link":"https:\/\/salonbastet.cz\/ru\/service\/","title":{"rendered":"\u0423\u0441\u043b\u0443\u0433\u0438"},"content":{"rendered":"<div class=\"limit-wrapper\"><div class=\"row \"><div class=\"wpv-grid grid-1-1  wpv-first-level grid-1-1 first unextended no-extended-padding\" style=\"padding-top:0.05px;padding-bottom:0.05px;\" id=\"wpv-column-74999377e871acba1b6560e192432c5e\" ><p><div class=\"subpages subpages-items\">\n    <div class=\"subpages-item\">\n    <a class=\"subpages-item-link\" href=\"https:\/\/salonbastet.cz\/ru\/service\/flising-vlasy\/\">\n        <div class=\"subpages-item-image\">\n                    <\/div>\n        <div class=\"subpages-item-wrapper\">\n            <div class=\"subpages-item-inner\">\n                <div class=\"subpages-item-title\">Flising Vlasy<\/div>\n            <\/div>\n        <\/div>\n    <\/a>\n<\/div><div class=\"subpages-item\">\n    <a class=\"subpages-item-link\" href=\"https:\/\/salonbastet.cz\/ru\/service\/pece-o-vlasy\/\">\n        <div class=\"subpages-item-image\">\n                        <img decoding=\"async\" src=\"https:\/\/salonbastet.cz\/wp-content\/uploads\/2020\/05\/4032-1024x683.jpg\" \/>\n                    <\/div>\n        <div class=\"subpages-item-wrapper\">\n            <div class=\"subpages-item-inner\">\n                <div class=\"subpages-item-title\">\u041b\u0435\u0447\u0435\u043d\u0438\u0435\/\u0412\u043e\u0441\u0441\u0442\u0430\u043d\u043e\u0432\u043b\u0435\u043d\u0438\u0435 \u0432\u043e\u043b\u043e\u0441<\/div>\n            <\/div>\n        <\/div>\n    <\/a>\n<\/div><div class=\"subpages-item\">\n    <a class=\"subpages-item-link\" href=\"https:\/\/salonbastet.cz\/ru\/service\/damske-kadernictvi\/\">\n        <div class=\"subpages-item-image\">\n                        <img decoding=\"async\" src=\"https:\/\/salonbastet.cz\/wp-content\/uploads\/2020\/04\/zhenskaya_strijka.jpg\" \/>\n                    <\/div>\n        <div class=\"subpages-item-wrapper\">\n            <div class=\"subpages-item-inner\">\n                <div class=\"subpages-item-title\">\u0416\u0435\u043d\u0441\u043a\u0438\u0435 \u0441\u0442\u0440\u0438\u0436\u043a\u0438<\/div>\n            <\/div>\n        <\/div>\n    <\/a>\n<\/div><div class=\"subpages-item\">\n    <a class=\"subpages-item-link\" href=\"https:\/\/salonbastet.cz\/ru\/service\/panske-kadernictvi\/\">\n        <div class=\"subpages-item-image\">\n                        <img decoding=\"async\" src=\"https:\/\/salonbastet.cz\/wp-content\/uploads\/2020\/04\/10392.jpg\" \/>\n                    <\/div>\n        <div class=\"subpages-item-wrapper\">\n            <div class=\"subpages-item-inner\">\n                <div class=\"subpages-item-title\">\u041c\u0443\u0436\u0441\u043a\u0438\u0435 \u0441\u0442\u0440\u0438\u0436\u043a\u0438<\/div>\n            <\/div>\n        <\/div>\n    <\/a>\n<\/div><div class=\"subpages-item\">\n    <a class=\"subpages-item-link\" href=\"https:\/\/salonbastet.cz\/ru\/service\/detske-strihy\/\">\n        <div class=\"subpages-item-image\">\n                        <img decoding=\"async\" src=\"https:\/\/salonbastet.cz\/wp-content\/uploads\/2020\/04\/3136597-1024x683.jpg\" \/>\n                    <\/div>\n        <div class=\"subpages-item-wrapper\">\n            <div class=\"subpages-item-inner\">\n                <div class=\"subpages-item-title\">\u0414\u0435\u0442\u0441\u043a\u0438\u0435 \u0441\u0442\u0440\u0438\u0436\u043a\u0438<\/div>\n            <\/div>\n        <\/div>\n    <\/a>\n<\/div><div class=\"subpages-item\">\n    <a class=\"subpages-item-link\" href=\"https:\/\/salonbastet.cz\/ru\/service\/svatebni-ucesy\/\">\n        <div class=\"subpages-item-image\">\n                        <img decoding=\"async\" src=\"https:\/\/salonbastet.cz\/wp-content\/uploads\/2020\/05\/9143-1024x731.jpg\" \/>\n                    <\/div>\n        <div class=\"subpages-item-wrapper\">\n            <div class=\"subpages-item-inner\">\n                <div class=\"subpages-item-title\">\u0421\u0432\u0430\u0434\u0435\u0431\u043d\u044b\u0435 \u043f\u0440\u0438\u0447\u0435\u0441\u043a\u0438<\/div>\n            <\/div>\n        <\/div>\n    <\/a>\n<\/div><div class=\"subpages-item\">\n    <a class=\"subpages-item-link\" href=\"https:\/\/salonbastet.cz\/ru\/service\/barveni\/\">\n        <div class=\"subpages-item-image\">\n                        <img decoding=\"async\" src=\"https:\/\/salonbastet.cz\/wp-content\/uploads\/2020\/04\/32401-1-1024x683.jpg\" \/>\n                    <\/div>\n        <div class=\"subpages-item-wrapper\">\n            <div class=\"subpages-item-inner\">\n                <div class=\"subpages-item-title\">\u041e\u043a\u0440\u0430\u0448\u0438\u0432\u0430\u043d\u0438\u0435 \u0432\u043e\u043b\u043e\u0441<\/div>\n            <\/div>\n        <\/div>\n    <\/a>\n<\/div><div class=\"subpages-item\">\n    <a class=\"subpages-item-link\" href=\"https:\/\/salonbastet.cz\/ru\/service\/barveni-ombre-balayge\/\">\n        <div class=\"subpages-item-image\">\n                        <img decoding=\"async\" src=\"https:\/\/salonbastet.cz\/wp-content\/uploads\/2020\/04\/3687b37b1cc33a7_660x300.jpg\" \/>\n                    <\/div>\n        <div class=\"subpages-item-wrapper\">\n            <div class=\"subpages-item-inner\">\n                <div class=\"subpages-item-title\">\u041e\u043a\u0440\u0430\u0448\u0438\u0432\u0430\u043d\u0438\u0435 AirTouch, Ombre, Balayage<\/div>\n            <\/div>\n        <\/div>\n    <\/a>\n<\/div><div class=\"subpages-item\">\n    <a class=\"subpages-item-link\" href=\"https:\/\/salonbastet.cz\/ru\/service\/trvala\/\">\n        <div class=\"subpages-item-image\">\n                        <img decoding=\"async\" src=\"https:\/\/salonbastet.cz\/wp-content\/uploads\/2020\/04\/10310-1024x683.jpg\" \/>\n                    <\/div>\n        <div class=\"subpages-item-wrapper\">\n            <div class=\"subpages-item-inner\">\n                <div class=\"subpages-item-title\">\u0425\u0438\u043c\u0438\u0447\u0435\u0441\u043a\u0430\u044f \u0437\u0430\u0432\u0438\u0432\u043a\u0430<\/div>\n            <\/div>\n        <\/div>\n    <\/a>\n<\/div><div class=\"subpages-item\">\n    <a class=\"subpages-item-link\" href=\"https:\/\/salonbastet.cz\/ru\/service\/make-up\/\">\n        <div class=\"subpages-item-image\">\n                        <img decoding=\"async\" src=\"https:\/\/salonbastet.cz\/wp-content\/uploads\/2020\/04\/2895-744x1024.jpg\" \/>\n                    <\/div>\n        <div class=\"subpages-item-wrapper\">\n            <div class=\"subpages-item-inner\">\n                <div class=\"subpages-item-title\">\u041c\u0430\u043a\u0438\u044f\u0436<\/div>\n            <\/div>\n        <\/div>\n    <\/a>\n<\/div><div class=\"subpages-item\">\n    <a class=\"subpages-item-link\" href=\"https:\/\/salonbastet.cz\/ru\/service\/korekce-a-barveni-oboci\/\">\n        <div class=\"subpages-item-image\">\n                        <img decoding=\"async\" src=\"https:\/\/salonbastet.cz\/wp-content\/uploads\/2020\/05\/6610-1024x683.jpg\" \/>\n                    <\/div>\n        <div class=\"subpages-item-wrapper\">\n            <div class=\"subpages-item-inner\">\n                <div class=\"subpages-item-title\">\u041a\u043e\u0440\u0440\u0435\u043a\u0446\u0438\u044f \u0438 \u043e\u043a\u0440\u0430\u0448\u0438\u0432\u0430\u043d\u0438\u0435 \u0431\u0440\u043e\u0432\u0435\u0439<\/div>\n            <\/div>\n        <\/div>\n    <\/a>\n<\/div><div class=\"subpages-item\">\n    <a class=\"subpages-item-link\" href=\"https:\/\/salonbastet.cz\/ru\/service\/pedikura\/\">\n        <div class=\"subpages-item-image\">\n                        <img decoding=\"async\" src=\"https:\/\/salonbastet.cz\/wp-content\/uploads\/2020\/05\/2627631-1024x768.jpg\" \/>\n                    <\/div>\n        <div class=\"subpages-item-wrapper\">\n            <div class=\"subpages-item-inner\">\n                <div class=\"subpages-item-title\">\u041f\u0435\u0434\u0438\u043a\u044e\u0440<\/div>\n            <\/div>\n        <\/div>\n    <\/a>\n<\/div><\/div><\/div><\/div><\/div>\n<div class=\"limit-wrapper\"><div class=\"sep\"><\/div><\/div>\n","protected":false},"excerpt":{"rendered":"<p>PEDIK\u00daRA: Pedik\u00fara klasick\u00e1 such\u00e1\/mokr\u00e1 700 K\u010d Pedik\u00fara s klasick\u00fdm lakov\u00e1n\u00edm 750 K\u010d Pedik\u00fara s gel-lakem 850 K\u010d Lakov\u00e1n\u00ed klasick\u00fdm lakem bez pedik\u00fary 200 K\u010d Lakov\u00e1n\u00ed gel-lakem bez pedik\u00fary 300 K\u010d Pedik\u00fara medicin\u00e1ln\u00ed \/ diabetick\u00e1 (Kompletn\u00ed pedik\u00e9rsk\u00e9 pr\u00e1ce vhodn\u00e9 pro diabetiky \u2013 dezinfekce, \u0161etrn\u00e9 odstran\u011bn\u00ed odum\u0159el\u00e9 k\u016f\u017ee pomoc\u00ed brusek, o\u0161et\u0159en\u00ed poko\u017eky, opracov\u00e1n\u00ed neht\u016f, odstran\u011bn\u00ed k\u016f\u017ei\u010dky, \u00faprava&#8230;<\/p>\n","protected":false},"author":1,"featured_media":0,"parent":0,"menu_order":22,"comment_status":"closed","ping_status":"closed","template":"","meta":{"footnotes":""},"acf":[],"jetpack_sharing_enabled":false,"jetpack_likes_enabled":false,"_links":{"self":[{"href":"https:\/\/salonbastet.cz\/ru\/wp-json\/wp\/v2\/pages\/7956"}],"collection":[{"href":"https:\/\/salonbastet.cz\/ru\/wp-json\/wp\/v2\/pages"}],"about":[{"href":"https:\/\/salonbastet.cz\/ru\/wp-json\/wp\/v2\/types\/page"}],"author":[{"embeddable":true,"href":"https:\/\/salonbastet.cz\/ru\/wp-json\/wp\/v2\/users\/1"}],"replies":[{"embeddable":true,"href":"https:\/\/salonbastet.cz\/ru\/wp-json\/wp\/v2\/comments?post=7956"}],"version-history":[{"count":16,"href":"https:\/\/salonbastet.cz\/ru\/wp-json\/wp\/v2\/pages\/7956\/revisions"}],"predecessor-version":[{"id":15168,"href":"https:\/\/salonbastet.cz\/ru\/wp-json\/wp\/v2\/pages\/7956\/revisions\/15168"}],"wp:attachment":[{"href":"https:\/\/salonbastet.cz\/ru\/wp-json\/wp\/v2\/media?parent=7956"}],"curies":[{"name":"wp","href":"https:\/\/api.w.org\/{rel}","templated":true}]}}