{"id":15384,"date":"2024-03-03T20:40:43","date_gmt":"2024-03-03T18:40:43","guid":{"rendered":"https:\/\/salonbastet.cz\/?page_id=15384"},"modified":"2024-03-03T20:52:01","modified_gmt":"2024-03-03T18:52:01","slug":"flising-vlasy","status":"publish","type":"page","link":"https:\/\/salonbastet.cz\/ru\/service\/flising-vlasy\/","title":{"rendered":"Flising Vlasy"},"content":{"rendered":"<div class=\"push  wpv-hide-lowres\" style=\"margin-bottom:-60px\"><\/div>\n<div class=\"limit-wrapper\"><div class=\"row \"><div class=\"wpv-grid grid-1-1  wpv-first-level grid-1-1 first has-background unextended no-extended-padding\" style=\"\n\t\t\t\tbackground: url( &#039;https:\/\/salonbastet.cz\/wp-content\/uploads\/2016\/01\/bg_intro-home.png&#039; ) no-repeat center top;\n\t\t\t\tbackground-size: auto;\n\t\t\tbackground-attachment: scroll;padding-top:50px;padding-bottom:20px;\" id=\"wpv-column-b3e4916726c32fd8cbf50482abf6761a\" ><div class=\"row \"><div class=\"wpv-grid grid-1-5  grid-1-5 first unextended no-extended-padding\" style=\"padding-top:0.05px;padding-bottom:0.05px;\" id=\"wpv-column-a3af63fd1c5b5aff056afd3ecd0f4870\" ><div class=\"push  wpv-hide-lowres\" style=\"height:1px\"><\/div><\/div>\n<div class=\"wpv-grid grid-3-5  grid-3-5 unextended no-extended-padding\" style=\"padding-top:0.05px;padding-bottom:0.05px;\" id=\"wpv-column-e00ea183a79597ec24defad3770feb57\" >\t\t<h2 class=\"text-divider-double\">\t\t\t\n<span class='icon shortcode theme  use-hover' style='color:#b69e59;font-size:50px !important;'>&#58913;<\/span> <span lang=\"CS\" style=\"font-family: 'Anton\\, sans-serif'; color: black;\">Flising Vlasy &#8212; Radical Chemie Pro Objem<\/span>\t\t<\/h2>\t\t<div class=\"sep\"><\/div>\n\t<\/div><\/div><\/div><\/div><\/div>\n<div class=\"push  wpv-hide-lowres\" style=\"height:70px\"><\/div>\n<div class=\"limit-wrapper\"><div class=\"row \"><div class=\"wpv-grid grid-3-4  wpv-first-level grid-3-4 first unextended no-extended-padding\" style=\"padding-top:0.05px;padding-bottom:0.05px;\" id=\"wpv-column-d6abc1b4813080a3abe73990a33f18c9\" ><p><strong>Jak\u00e9 kosmetick\u00e9 p\u0159\u00edpravky a o\u0161et\u0159en\u00ed pro obnoven\u00ed vlas\u016f m\u016f\u017eeme nab\u00eddnout? <\/strong><\/p>\n<div class=\"push  wpv-hide-lowres\" style=\"height:20px\"><\/div> <span lang=\"CS\" style=\"font-family: 'Arial',sans-serif; color: black;\">Ka\u017ed\u00e1 \u017eena chce m\u00edt dob\u0159e upraven\u00e9, z\u00e1\u0159\u00edc\u00ed zdrav\u00ed a kr\u00e1su vlas\u016f. Co\u017e znamen\u00e1 pouze to, a \u017e\u00e1dn\u00e9 triky jsou pro toto kr\u00e1sn\u00e9 poloviny lidstva. Denn\u00ed \u0161amponov\u00e1n\u00ed a trval\u00e9 ondulace vlas\u016f &#8212; luxus, nen\u00ed dostupn\u00e9 pro ka\u017ed\u00e9ho. Proto se nov\u00e9 varianty se neust\u00e1le objevuj\u00ed v oblasti kade\u0159nictv\u00ed, co\u017e v\u017edy radovat v zrcadle. Chcete-li d\u00e1t konstantn\u00ed objem va\u0161ich vlas\u016f? Snadn\u00e9! To m\u016f\u017ee pomoci inovac\u00ed v oblasti p\u00e9\u010de a kade\u0159nick\u00fdch slu\u017eeb &#8212; flising vlasy.<\/span><\/p>\n<p><a href=\"https:\/\/salonbastet.cz\/wp-content\/uploads\/2024\/03\/a826e7517ddc0ec7.jpg\"><img loading=\"lazy\" decoding=\"async\" data-attachment-id=\"15388\" data-permalink=\"https:\/\/salonbastet.cz\/ru\/service\/flising-vlasy\/a826e7517ddc0ec7\/\" data-orig-file=\"https:\/\/salonbastet.cz\/wp-content\/uploads\/2024\/03\/a826e7517ddc0ec7.jpg\" data-orig-size=\"700,655\" data-comments-opened=\"0\" data-image-meta=\"{&quot;aperture&quot;:&quot;0&quot;,&quot;credit&quot;:&quot;&quot;,&quot;camera&quot;:&quot;&quot;,&quot;caption&quot;:&quot;&quot;,&quot;created_timestamp&quot;:&quot;0&quot;,&quot;copyright&quot;:&quot;&quot;,&quot;focal_length&quot;:&quot;0&quot;,&quot;iso&quot;:&quot;0&quot;,&quot;shutter_speed&quot;:&quot;0&quot;,&quot;title&quot;:&quot;&quot;,&quot;orientation&quot;:&quot;0&quot;}\" data-image-title=\"Flising\" data-image-description=\"\" data-image-caption=\"\" data-medium-file=\"https:\/\/salonbastet.cz\/wp-content\/uploads\/2024\/03\/a826e7517ddc0ec7-300x281.jpg\" data-large-file=\"https:\/\/salonbastet.cz\/wp-content\/uploads\/2024\/03\/a826e7517ddc0ec7.jpg\" class=\"alignnone size-full wp-image-15388\" src=\"https:\/\/salonbastet.cz\/wp-content\/uploads\/2024\/03\/a826e7517ddc0ec7.jpg\" alt=\"\" width=\"700\" height=\"655\" srcset=\"https:\/\/salonbastet.cz\/wp-content\/uploads\/2024\/03\/a826e7517ddc0ec7.jpg 700w, https:\/\/salonbastet.cz\/wp-content\/uploads\/2024\/03\/a826e7517ddc0ec7-300x281.jpg 300w, https:\/\/salonbastet.cz\/wp-content\/uploads\/2024\/03\/a826e7517ddc0ec7-495x463.jpg 495w, https:\/\/salonbastet.cz\/wp-content\/uploads\/2024\/03\/a826e7517ddc0ec7-320x299.jpg 320w, https:\/\/salonbastet.cz\/wp-content\/uploads\/2024\/03\/a826e7517ddc0ec7-640x599.jpg 640w, https:\/\/salonbastet.cz\/wp-content\/uploads\/2024\/03\/a826e7517ddc0ec7-232x217.jpg 232w, https:\/\/salonbastet.cz\/wp-content\/uploads\/2024\/03\/a826e7517ddc0ec7-465x435.jpg 465w\" sizes=\"(max-width: 700px) 100vw, 700px\" \/><\/a><\/p>\n<p>F<span lang=\"CS\" style=\"font-family: 'Arial',sans-serif; color: black;\">lising je zcela nov\u00fd postup a skv\u011blou alternativou k dob\u0159e zn\u00e1m\u00fdm zv\u00fd\u0161it a\u017e. Slu\u017eba zahrnuje vyu\u017e\u00edv\u00e1n\u00ed nov\u00fdch technologi\u00ed, aby pomoc s pou\u017eit\u00edm trvalou ondulaci vlas\u016f u ko\u0159\u00ednk\u016f, aby se dos\u00e1hlo baz\u00e1ln\u00ed hlasitost.<\/span><\/p>\n<p class=\"Standard\" style=\"text-align: justify; text-justify: inter-ideograph;\"><span lang=\"CS\" style=\"font-family: 'Arial',sans-serif; color: black;\">Flising vlasy vytv\u00e1\u0159\u00ed okam\u017eit\u00fd efekt bujn\u00fd vlasy, kter\u00e9 perfektn\u011b dr\u017e\u00ed za ka\u017ed\u00e9ho po\u010das\u00ed. S n\u00edm nejste strach z v\u011btru, de\u0161ti a sn\u011bhu. Ve stejn\u00e9 vlasy za\u010d\u00edn\u00e1 m\u00e9n\u011b \u0161pinav\u00e9, a m\u016f\u017eete za p\u00e1r dn\u00ed klidn\u011b zapomenout na ka\u017edodenn\u00ed postupu myt\u00ed hlavy v dopoledn\u00edch hodin\u00e1ch.<\/span><\/p>\n<p class=\"Standard\" style=\"text-align: justify; text-justify: inter-ideograph;\"><span lang=\"CS\" style=\"font-family: 'Arial',sans-serif; color: black;\">Je doporu\u010deno pou\u017e\u00edv\u00e1n\u00ed \u0161ampon\u016f, balz\u00e1m\u016f a masky pro lep\u0161\u00ed \u00fa\u010dinek a pos\u00edl\u00ed vlasy p\u0159ed z\u00e1krokem. Bude velmi u\u017eite\u010dn\u00e9 pou\u017e\u00edt olej a profesion\u00e1ln\u00ed produkty. Pom\u00e1haj\u00ed posilovat vlasy p\u0159ed aplikov\u00e1n\u00edm agresivn\u00ed zavivochnogo komplex.<\/span><\/p>\n<p class=\"Standard\" style=\"text-align: justify; text-justify: inter-ideograph;\"><span lang=\"CS\" style=\"font-family: 'Arial',sans-serif; color: black;\">Poskytov\u00e1n\u00ed slu\u017eeb nezabere mnoho \u010dasu. Budete pot\u0159ebovat v\u00edce ne\u017e jeden a p\u016fl hodiny, aby u\u0161et\u0159il.<\/span><\/p>\n<div class=\"push  wpv-hide-lowres\" style=\"height:10px\"><\/div>\n<div class=\"push \" style=\"height:20px\"><\/div><\/div>\n<div class=\"limit-wrapper\"><div class=\"wpv-grid grid-1-1 add-border wpv-first-level grid-1-1 unextended no-extended-padding\" style=\"padding-top:0.05px;padding-bottom:0.05px;\" id=\"wpv-column-c00aa5d585ad5b0e5553b6f81b25434e\" ><div class=\"row \"><div class=\"wpv-grid grid-1-2  grid-1-2 first wpv-hide-bg-lowres has-background unextended no-extended-padding\" style=\"\n\t\t\t\tbackground: url( &#039;https:\/\/salonbastet.cz\/wp-content\/uploads\/2015\/02\/bg_table_price.jpg&#039; ) no-repeat left bottom;\n\t\t\t\tbackground-size: auto;\n\t\t\tbackground-attachment: scroll;padding-top:0.05px;padding-bottom:100px;\" id=\"wpv-column-7f935e27fb2695f5ebe00359b4eb7cbc\" ><div class=\"row \"><div class=\"wpv-grid grid-1-1  grid-1-1 first unextended animation-from-bottom animated-active no-extended-padding\" style=\"padding-top:0.05px;padding-bottom:0.05px;\" id=\"wpv-column-1b50ca1fd6f8caa3f00952e7dcc9b57b\" >\t\t<h2 class=\"text-divider-double\">\t\t\t\nCenik\t\t<\/h2>\t\t<div class=\"sep\"><\/div>\n\t<\/div><\/div>\n<div class=\"push  wpv-hide-lowres\" style=\"height:20px\"><\/div>\n<div class=\"row \"><div class=\"wpv-grid grid-1-1  grid-1-1 first unextended animation-fade-in animated-active no-extended-padding\" style=\"padding-top:0.05px;padding-bottom:0.05px;\" id=\"wpv-column-523112c03f4875743e14a63b5dd3de2d\" ><table class=\"vamtam-styled\">\n<tbody>\n<tr>\n<th><strong>Flising Vlasy:<\/strong><\/th>\n<th>\n<p style=\"text-align: right;\">\n<\/th>\n<th>\n<p style=\"text-align: right;\"><strong>Master<\/strong><\/p>\n<\/th>\n<th>\n<p style=\"text-align: right;\">\n<\/th>\n<\/tr>\n<tr>\n<th><\/th>\n<th>\n<p style=\"text-align: center;\"><strong>Kratk\u00e9<\/strong><\/p>\n<\/th>\n<th>\n<p style=\"text-align: center;\"><strong>St\u0159edn\u00ed<\/strong><\/p>\n<\/th>\n<th>\n<p style=\"text-align: right;\"><strong>Douh\u00e9<\/strong><\/p>\n<\/th>\n<\/tr>\n<tr>\n<td>Flising vlasy<\/td>\n<td>\n<p style=\"text-align: center;\"><strong>1400 K\u010d<\/strong><\/p>\n<\/td>\n<td>\n<p style=\"text-align: center;\"><strong>1500 K\u010d<\/strong><\/p>\n<\/td>\n<td>\n<p style=\"text-align: center;\"><strong>1600 K\u010d<\/strong><\/p>\n<\/td>\n<\/tr>\n<\/tr>\n<\/tbody>\n<\/table><\/div><\/div><\/div>\n<div class=\"wpv-grid grid-1-2  grid-1-2 unextended left-border no-extended-padding\" style=\"padding-top:0.05px;padding-bottom:20px;\" id=\"wpv-column-ea6b86be2665e27f7b5b82fe643fbb13\" ><style>#wpv-column-ea6b86be2665e27f7b5b82fe643fbb13:before{background-color:#ededed;}<\/style><div class=\"row \"><div class=\"wpv-grid grid-1-1  grid-1-1 first unextended animation-from-bottom animated-active no-extended-padding\" style=\"padding-top:0.05px;padding-bottom:0.05px;\" id=\"wpv-column-bddc4d5eb04134b01ccb536d50eef35b\" >\t\t<h2 class=\"text-divider-double\">\t\t\t\nOBJEDNAT SE\t\t<\/h2>\t\t<div class=\"sep\"><\/div>\n\t<\/div><\/div>\n<div class=\"row \"><div class=\"wpv-grid grid-1-1  grid-1-1 first unextended no-extended-padding\" style=\"padding-top:0.05px;padding-bottom:0.05px;\" id=\"wpv-column-cffe9f9f5f30fabd90e2f9c62018010a\" >\t\t<h2 class=\"text-divider-double\">\t\t\t\nTel: <a href=\"tel:+420778010810\"><strong>+420 778 010 810<\/strong><\/a>\t\t<\/h2>\t\t<div class=\"sep\"><\/div>\n\t<\/div><\/div><\/div><\/div><\/div><\/div><\/div>\n<div class=\"push  wpv-hide-lowres\" style=\"height:60px\"><\/div>\n<div class=\"limit-wrapper\"><div class=\"row \"><div class=\"wpv-grid grid-1-1  wpv-first-level grid-1-1 first unextended no-extended-padding\" style=\"padding-top:0.05px;padding-bottom:0.05px;\" id=\"wpv-column-b5b11fb76cf0f6b1fae48baafd2b8e9c\" ><div class=\"vamtam-cubeportfolio cbp cbp-slider-edge vamtam-testimonials-slider\" data-options=\"{&quot;layoutMode&quot;:&quot;slider&quot;,&quot;drag&quot;:true,&quot;auto&quot;:false,&quot;autoTimeout&quot;:5000,&quot;autoPauseOnHover&quot;:true,&quot;showNavigation&quot;:false,&quot;showPagination&quot;:true,&quot;rewindNav&quot;:true,&quot;scrollByPage&quot;:false,&quot;gridAdjustment&quot;:&quot;responsive&quot;,&quot;mediaQueries&quot;:[{&quot;width&quot;:1,&quot;cols&quot;:1}],&quot;gapHorizontal&quot;:0,&quot;gapVertical&quot;:0,&quot;caption&quot;:&quot;&quot;,&quot;displayType&quot;:&quot;default&quot;}\"><div class=\"cbp-item\"><blockquote class='clearfix small simple post-10177 jetpack-testimonial type-jetpack-testimonial status-publish has-post-thumbnail hentry'><div class=\"quote-thumbnail\"><\/div><div class='quote-text'><div class=\"quote-title-wrapper clearfix\"><\/div><div class=\"quote-content\"><em><strong>\"\u0412\u044b\u043f\u0440\u044f\u043c\u0438\u043b\u0430 \u0432\u043e\u043b\u043e\u0441\u044b \u2014 \u043a \u0434\u043e\u0436\u0434\u044e; \u0443\u043b\u043e\u0436\u0438\u043b\u0430 \u0432\u043e\u043b\u043e\u0441\u044b \u2014 \u043a \u0432\u0435\u0442\u0440\u0443; \u043a\u0440\u0430\u0441\u0438\u0432\u043e \u0443\u043b\u043e\u0436\u0438\u043b\u0430 \u2014 \u043a \u0443\u0440\u0430\u0433\u0430\u043d\u0443; \u043d\u0435 \u0440\u0430\u0441\u0447\u0435\u0441\u0430\u043b\u0430 \u0432\u043e\u043b\u043e\u0441\u044b \u2014 \u0432\u0441\u0442\u0440\u0435\u0442\u0438\u043b\u0430 \u0432\u0441\u0435\u0445 \u0437\u043d\u0430\u043a\u043e\u043c\u044b\u0445\"<\/strong><\/em><\/div>\n<\/div><\/blockquote><\/div><div class=\"cbp-item\"><blockquote class='clearfix small simple post-10430 jetpack-testimonial type-jetpack-testimonial status-publish has-post-thumbnail hentry'><div class=\"quote-thumbnail\"><\/div><div class='quote-text'><div class=\"quote-title-wrapper clearfix\"><\/div><div class=\"quote-content\"><em><strong>\u041f\u0440\u0438\u0432\u043b\u0435\u043a\u0430\u0442\u0435\u043b\u044c\u043d\u044b\u043c \u043b\u044e\u0434\u044f\u043c \u0447\u0430\u0449\u0435 \u0441\u043e\u043f\u0443\u0442\u0441\u0442\u0432\u0443\u0435\u0442 \u0443\u0434\u0430\u0447\u0430, \u0430\u00a0\u043c\u043e\u0434\u043d\u0430\u044f \u043c\u0443\u0436\u0441\u043a\u0430\u044f \u0441\u0442\u0440\u0438\u0436\u043a\u0430 \u2013 \u0437\u0430\u043b\u043e\u0433 \u0443\u0441\u043f\u0435\u0445\u0430!<\/strong><\/em><\/div>\n<\/div><\/blockquote><\/div><div class=\"cbp-item\"><blockquote class='clearfix small simple post-10431 jetpack-testimonial type-jetpack-testimonial status-publish has-post-thumbnail hentry'><div class=\"quote-thumbnail\"><\/div><div class='quote-text'><div class=\"quote-title-wrapper clearfix\"><\/div><div class=\"quote-content\">\n<p><em><strong><span style=\"color: #000000;\">\"\u041a\u0440\u0430\u0441\u043e\u0442\u0430 \u0434\u0435\u0439\u0441\u0442\u0432\u0443\u0435\u0442 \u0434\u0430\u0436\u0435 \u043d\u0430 \u0442\u0435\u0445, \u043a\u0442\u043e \u0435\u0435 \u043d\u0435 \u0437\u0430\u043c\u0435\u0447\u0430\u0435\u0442\".<\/span><\/strong><\/em><\/p>\n<p><em><strong><span style=\"color: #000000;\">\u0416\u0430\u043d \u041a\u043e\u043a\u0442\u043e<\/span><\/strong><\/em><\/p>\n<p><!-- wp:paragraph --><\/p>\n<p><!-- \/wp:paragraph --><\/div>\n<\/div><\/blockquote><\/div><\/div><\/div><\/div><\/div>\n<div class=\"push  wpv-hide-lowres\" style=\"height:60px\"><\/div>\n<div class=\"row \"><div class=\"wpv-grid grid-1-1  wpv-first-level grid-1-1 first extended-content unextended no-extended-padding\" style=\"padding-top:0.05px;padding-bottom:0.05px;\" id=\"wpv-column-9c7f8fcb62dcce4354699fd251b2a9ad\" ><div class=\"extended-column-inner\"><div class=\"row \"><div class=\"wpv-grid grid-1-1  grid-1-1 first unextended animation-zoom-in animated-active no-extended-padding\" style=\"padding-top:0.05px;padding-bottom:0.05px;\" id=\"wpv-column-00f3df968b0b6cab11668acf4026fc7b\" ><div class=\"sep-3\"><\/div><\/div><\/div><\/div><\/div><\/div>\n<div class=\"push  wpv-hide-lowres\" style=\"margin-bottom:-31px\"><\/div>\n<div class=\"row \"><div class=\"wpv-grid grid-1-1  wpv-first-level grid-1-1 first extended-content unextended no-extended-padding\" style=\"padding-top:0.05px;padding-bottom:0.05px;\" id=\"wpv-column-3d67c9ac66bfef270fb0661c11cf32b5\" ><div class=\"extended-column-inner\"><div class=\"row \"><div class=\"wpv-grid grid-1-6  grid-1-6 lowres-width-override lowres-grid-1-2 first unextended animation-fade-in animated-active no-extended-padding\" style=\"padding-top:0.05px;padding-bottom:0.05px;\" id=\"wpv-column-419ab25fd2cb39d146ec80df7c8182bc\" >\n<div  data-href=\"\/service\/damske-kadernictvi\/\" tabindex=\"1\" data-target=\"_self\" class=\"linkarea clearfix accent7  background-accent5\">\n\t\t\t<div class=\"first\"><span class='icon shortcode theme  use-hover' style='color:#b69e59;font-size:45px !important;'>&#58916;<\/span><\/div>\n\t\t\t\t<div class=\"last\"><h3 style=\"text-align: center;\">D\u00e1msk\u00e9 kade\u0159nictv\u00ed<\/h3><\/div>\n\t<\/div>\n<\/div>\n<div class=\"wpv-grid grid-1-6  grid-1-6 lowres-width-override lowres-grid-1-2 unextended animation-fade-in animated-active no-extended-padding\" style=\"padding-top:0.05px;padding-bottom:0.05px;\" id=\"wpv-column-2c894268d760b9f7b5019076658f9322\" >\n<div  data-href=\"\/service\/detske-strihy\/\" tabindex=\"1\" data-target=\"_self\" class=\"linkarea clearfix accent7  background-accent5\">\n\t\t\t<div class=\"first\"><span class='icon shortcode theme  use-hover' style='color:#b69e59;font-size:45px !important;'>&#58919;<\/span><\/div>\n\t\t\t\t<div class=\"last\"><h3 style=\"text-align: center;\">D\u011btsk\u00e9 kade\u0159nictv\u00ed<\/h3><\/div>\n\t<\/div>\n<\/div>\n<div class=\"wpv-grid grid-1-6  grid-1-6 lowres-width-override lowres-grid-1-2 unextended animation-fade-in animated-active no-extended-padding\" style=\"padding-top:0.05px;padding-bottom:0.05px;\" id=\"wpv-column-b1c186c3784022524d247d76b4a49318\" >\n<div  data-href=\"\/service\/manikura\/\" tabindex=\"1\" data-target=\"_self\" class=\"linkarea clearfix accent7  background-accent5\">\n\t\t\t<div class=\"first\"><span class='icon shortcode theme  use-hover' style='color:#b69e59;font-size:45px !important;'>&#58918;<\/span><\/div>\n\t\t\t\t<div class=\"last\"><h3 style=\"text-align: center;\">Manik\u00fara<\/h3><\/div>\n\t<\/div>\n<\/div>\n<div class=\"wpv-grid grid-1-6  grid-1-6 lowres-width-override lowres-grid-1-2 unextended animation-fade-in animated-active no-extended-padding\" style=\"padding-top:0.05px;padding-bottom:0.05px;\" id=\"wpv-column-8642e791c0a01c90969c4104dbd56ecc\" >\n<div  data-href=\"\/service\/korekce-a-barveni-oboci\/\" tabindex=\"1\" data-target=\"_self\" class=\"linkarea clearfix accent7  background-accent5\">\n\t\t\t<div class=\"first\"><span class='icon shortcode   use-hover' style='color:#b69e59;font-size:45px !important;'>&#57841;<\/span><\/div>\n\t\t\t\t<div class=\"last\"><h3 style=\"text-align: center;\">Obo\u010d\u00ed, \u0159as<\/h3><\/div>\n\t<\/div>\n<\/div>\n<div class=\"wpv-grid grid-1-6  grid-1-6 lowres-width-override lowres-grid-1-2 unextended animation-fade-in animated-active no-extended-padding\" style=\"padding-top:0.05px;padding-bottom:0.05px;\" id=\"wpv-column-70b110a67f37a14321b81a380abe0a34\" >\n<div  data-href=\"\/service\/barveni\/\" tabindex=\"1\" data-target=\"_self\" class=\"linkarea clearfix accent7  background-accent5\">\n\t\t\t<div class=\"first\"><span class='icon shortcode theme  use-hover' style='color:#b69e59;font-size:45px !important;'>&#58915;<\/span><\/div>\n\t\t\t\t<div class=\"last\"><h3 style=\"text-align: center;\">Barven\u00ed vlas\u016f<\/h3><\/div>\n\t<\/div>\n<\/div>\n<div class=\"wpv-grid grid-1-6  grid-1-6 lowres-width-override lowres-grid-1-2 unextended animation-fade-in animated-active no-extended-padding\" style=\"padding-top:0.05px;padding-bottom:0.05px;\" id=\"wpv-column-834d2fa19b33c567b930784221510a09\" >\n<div  data-href=\"\/service\/panske-kadernictvi\/\" tabindex=\"1\" data-target=\"_self\" class=\"linkarea clearfix accent7  background-accent5\">\n\t\t\t<div class=\"first\"><span class='icon shortcode theme  use-hover' style='color:#b69e59;font-size:45px !important;'>&#58914;<\/span><\/div>\n\t\t\t\t<div class=\"last\"><h3 style=\"text-align: center;\">P\u00e1nsk\u00e9 st\u0159ihy<\/h3><\/div>\n\t<\/div>\n<\/div><\/div><\/div><\/div><\/div>\n","protected":false},"excerpt":{"rendered":"<p>&#171;\u041a\u0440\u0430\u0441\u043e\u0442\u0430 \u0434\u0435\u0439\u0441\u0442\u0432\u0443\u0435\u0442 \u0434\u0430\u0436\u0435 \u043d\u0430 \u0442\u0435\u0445, \u043a\u0442\u043e \u0435\u0435 \u043d\u0435 \u0437\u0430\u043c\u0435\u0447\u0430\u0435\u0442&#187;. \u0416\u0430\u043d \u041a\u043e\u043a\u0442\u043e<\/p>\n","protected":false},"author":1,"featured_media":0,"parent":7956,"menu_order":2,"comment_status":"closed","ping_status":"closed","template":"","meta":{"footnotes":""},"acf":[],"jetpack_sharing_enabled":true,"jetpack_likes_enabled":true,"_links":{"self":[{"href":"https:\/\/salonbastet.cz\/ru\/wp-json\/wp\/v2\/pages\/15384"}],"collection":[{"href":"https:\/\/salonbastet.cz\/ru\/wp-json\/wp\/v2\/pages"}],"about":[{"href":"https:\/\/salonbastet.cz\/ru\/wp-json\/wp\/v2\/types\/page"}],"author":[{"embeddable":true,"href":"https:\/\/salonbastet.cz\/ru\/wp-json\/wp\/v2\/users\/1"}],"replies":[{"embeddable":true,"href":"https:\/\/salonbastet.cz\/ru\/wp-json\/wp\/v2\/comments?post=15384"}],"version-history":[{"count":5,"href":"https:\/\/salonbastet.cz\/ru\/wp-json\/wp\/v2\/pages\/15384\/revisions"}],"predecessor-version":[{"id":15390,"href":"https:\/\/salonbastet.cz\/ru\/wp-json\/wp\/v2\/pages\/15384\/revisions\/15390"}],"up":[{"embeddable":true,"href":"https:\/\/salonbastet.cz\/ru\/wp-json\/wp\/v2\/pages\/7956"}],"wp:attachment":[{"href":"https:\/\/salonbastet.cz\/ru\/wp-json\/wp\/v2\/media?parent=15384"}],"curies":[{"name":"wp","href":"https:\/\/api.w.org\/{rel}","templated":true}]}}