{"id":13947,"date":"2020-05-02T15:10:55","date_gmt":"2020-05-02T13:10:55","guid":{"rendered":"https:\/\/salonbastet.cz\/?page_id=13947"},"modified":"2024-02-28T12:41:38","modified_gmt":"2024-02-28T10:41:38","slug":"pece-o-vlasy","status":"publish","type":"page","link":"https:\/\/salonbastet.cz\/ru\/service\/pece-o-vlasy\/","title":{"rendered":"\u041b\u0435\u0447\u0435\u043d\u0438\u0435\/\u0412\u043e\u0441\u0441\u0442\u0430\u043d\u043e\u0432\u043b\u0435\u043d\u0438\u0435 \u0432\u043e\u043b\u043e\u0441"},"content":{"rendered":"<div class=\"push  wpv-hide-lowres\" style=\"margin-bottom:-60px\"><\/div>\n<div class=\"limit-wrapper\"><div class=\"row \"><div class=\"wpv-grid grid-1-1  wpv-first-level grid-1-1 first has-background unextended no-extended-padding\" style=\"\n\t\t\t\tbackground: url( &#039;https:\/\/salonbastet.cz\/wp-content\/uploads\/2016\/01\/bg_intro-home.png&#039; ) no-repeat center top;\n\t\t\t\tbackground-size: auto;\n\t\t\tbackground-attachment: scroll;padding-top:50px;padding-bottom:20px;\" id=\"wpv-column-d7af53a653fe1289e24d09e33101e1a2\" ><div class=\"row \"><div class=\"wpv-grid grid-1-5  grid-1-5 first unextended no-extended-padding\" style=\"padding-top:0.05px;padding-bottom:0.05px;\" id=\"wpv-column-4c2d2947be551832380f0506d0ebd10a\" ><div class=\"push  wpv-hide-lowres\" style=\"height:1px\"><\/div><\/div>\n<div class=\"wpv-grid grid-3-5  grid-3-5 unextended no-extended-padding\" style=\"padding-top:0.05px;padding-bottom:0.05px;\" id=\"wpv-column-db06225b105a3626b5c7444a4eb78e84\" >\t\t<h2 class=\"text-divider-double\">\t\t\t\n<span class='icon shortcode theme  use-hover' style='color:#b69e59;font-size:50px !important;'>&#58913;<\/span> P\u00c9\u010cE O VLASY\t\t<\/h2>\t\t<div class=\"sep\"><\/div>\n\t<\/div><\/div><\/div><\/div><\/div>\n<div class=\"push  wpv-hide-lowres\" style=\"height:70px\"><\/div>\n<div class=\"limit-wrapper\"><div class=\"row \"><div class=\"wpv-grid grid-3-4  wpv-first-level grid-3-4 first unextended no-extended-padding\" style=\"padding-top:0.05px;padding-bottom:0.05px;\" id=\"wpv-column-a61e960d95ac9b53f98f9c493b4692c7\" ><p><strong>Jak\u00e9 kosmetick\u00e9 p\u0159\u00edpravky a o\u0161et\u0159en\u00ed pro obnoven\u00ed vlas\u016f m\u016f\u017eeme nab\u00eddnout? <\/strong><\/p>\n<div class=\"push  wpv-hide-lowres\" style=\"height:20px\"><\/div>\u00a0Chci na\u0161im z\u00e1kazn\u00edk\u016fm nab\u00eddnout proceduru hlubok\u00e9 rekonstrukce vlas\u016f od italsk\u00e9 firmy FRAMESI s aplikac\u00ed 1-2kr\u00e1t za m\u011bs\u00edc.<\/p>\n<p>Tato b\u00e1je\u010dn\u00e1 procedura skute\u010dn\u011b l\u00e9\u010d\u00ed vlasy, a to d\u00edky siln\u00fdm aktivn\u00edm slo\u017ek\u00e1m: mo\u0159sk\u00e9ho kolagenu, hyaluronov\u00e9 kyseliny, b\u00edlkoviny z perel, k\u0159em\u00edku a vitam\u00ednu E. V\u00fdsledek je okam\u017eit\u00fd a fenomen\u00e1ln\u00ed!<\/p>\n<p>Syst\u00e9m hlubok\u00e9 rekonstrukce vlas\u016f od FRAMESI se skl\u00e1d\u00e1 ze 3 jednoduch\u00fdch krok\u016f, kter\u00e9 v\u00e1m umo\u017en\u00ed vr\u00e1tit vlasy do p\u016fvodn\u00edho p\u0159irozen\u00e9ho stavu.<\/p>\n<p>Procedura FRAMESI je schopna vr\u00e1tit vlas\u016fm s\u00edlu, objem, lesk a pru\u017enost ji\u017e od prvn\u00ed aplikace. Je speci\u00e1ln\u011b navr\u017eena tak, aby v\u00fdrazn\u011b zlep\u0161ila v\u00fdsledek jak\u00e9hokoliv salonn\u00edho o\u0161et\u0159en\u00ed. M\u016f\u017ee b\u00fdt t\u00e9\u017e pou\u017eita jako samostatn\u00e1 salonn\u00ed procedura pro udr\u017een\u00ed vlas\u016f ve zdrav\u00e9m stavu. Tato profesion\u00e1ln\u00ed p\u00e9\u010de trv\u00e1 pouze 30-40 minut, ale v\u00fdsledky jsou okam\u017eit\u00e9 a maj\u00ed kumulativn\u00ed \u00fa\u010dinek.<\/p>\n<p>Pro dom\u00e1c\u00ed pou\u017eit\u00ed bych navrhla celou \u0159adu kvalitn\u00edch produkt\u016f r\u016fzn\u00e9ho zam\u011b\u0159en\u00ed od spole\u010dnosti FRAMESI:<\/p>\n<ol>\n<li><strong>DENSIFYING<\/strong> s\u00a0v\u00fdta\u017eky z\u00a0bor\u016fvek<\/li>\n<\/ol>\n<p>Vhodn\u00e9 \u0159e\u0161en\u00ed<\/p>\n<ul>\n<li>Stimulace r\u016fstu vlas\u016f<\/li>\n<li>Zamezen\u00ed oslaben\u00ed vlasov\u00e9 cibulky<\/li>\n<li>Obnoven\u00ed krevn\u00edho mikroob\u011bhu<\/li>\n<li>Zes\u00edlen\u00ed vlasov\u00e9ho vl\u00e1kna<\/li>\n<\/ul>\n<p>(\u0161ampon, s\u00e9rum, intenzivn\u00ed s\u00e9rum, sprej)<\/p>\n<ol start=\"2\">\n<li><strong>DESTRESS<\/strong> s v\u00fdta\u017eky z gran\u00e1tov\u00e9ho jablka<\/li>\n<\/ol>\n<p>Vhodn\u00e9 \u0159e\u0161en\u00ed<\/p>\n<ul>\n<li>Zklidn\u011bn\u00ed vlasov\u00e9 poko\u017eky<\/li>\n<li>Odstran\u011bn\u00ed nep\u0159\u00edjemn\u00fdch pocit\u016f<\/li>\n<li>Hydratace<\/li>\n<li>Zjemn\u011bn\u00ed<\/li>\n<\/ul>\n<p>(\u0161ampon, s\u00e9rum)<\/p>\n<ol start=\"3\">\n<li><strong>BALANCE<\/strong> s\u00a0v\u00fdta\u017ekem z\u00a0citronu<\/li>\n<\/ol>\n<p>Vhodn\u00e9 \u0159e\u0161en\u00ed<\/p>\n<ul>\n<li>Kontrola tvorby mazu<\/li>\n<li>Provon\u011bn\u00ed a osv\u011b\u017een\u00ed podr\u00e1\u017ed\u011bn\u00e9 vlasov\u00e9 poko\u017eky<\/li>\n<li>Hydratace vlas\u016f<\/li>\n<li>Prevence \u0159idnut\u00ed vlas\u016f<\/li>\n<\/ul>\n<p>(\u0161ampon)<\/p>\n<ol start=\"4\">\n<li><strong>PURIFYING<\/strong> s\u00a0v\u00fdta\u017ekem z\u00a0pomeran\u010de<\/li>\n<\/ol>\n<p>Vhodn\u00e9 \u0159e\u0161en\u00ed<\/p>\n<ul>\n<li>Zastaven\u00ed tvorby lup\u016f<\/li>\n<li>Zklidn\u011bn\u00ed podr\u00e1\u017ed\u011bn\u00ed poko\u017eky<\/li>\n<li>Hydratace poko\u017eky<\/li>\n<li>P\u0159irozen\u00e1 pru\u017enost a pohyb vlas\u016f<\/li>\n<li>Zamezen\u00ed vzniku statick\u00e9 elekt\u0159iny<\/li>\n<\/ul>\n<p>(\u0161ampon)<\/p>\n<ol start=\"5\">\n<li><strong>SCALP CONTROL<\/strong> s\u00a0v\u00fdta\u017ekem z\u00a0citronu, pomeran\u010de a gran\u00e1tov\u00e9ho jablka<\/li>\n<\/ol>\n<p>Vhodn\u00e9 \u0159e\u0161en\u00ed<\/p>\n<ul>\n<li>Odstran\u011bn\u00ed v\u0161ech zbytk\u016f masu a lup\u016f<\/li>\n<li>Zm\u00edrn\u011bn\u00ed sv\u011bd\u011bn\u00ed<\/li>\n<li>Regulace tvorby masu<\/li>\n<li>Vlasy bez ne\u010distot<\/li>\n<\/ul>\n<p>(peeling, osv\u011b\u017euj\u00edc\u00ed sprej)<\/p>\n<ol start=\"6\">\n<li><strong>REPAIR<\/strong> s\u00a0olejem ze slune\u010dnicov\u00fdch sem\u00ednek<\/li>\n<\/ol>\n<p>Vhodn\u00e9 \u0159e\u0161en\u00ed<\/p>\n<ul>\n<li>Vitalizace po\u0161kozen\u00fdch vlas\u016f<\/li>\n<li>Hydratace such\u00fdch vlas\u016f<\/li>\n<li>Obnoven\u00ed lesku matn\u00fdch vlas\u016f<\/li>\n<li>Zjemn\u011bn\u00ed, roz\u010desatelnost a ochrana k\u0159ehk\u00fdch vlas\u016f<\/li>\n<\/ul>\n<p>(\u0161ampon, s\u00e9rum, kondicion\u00e9r, maska, fluidum)<\/p>\n<ol start=\"7\">\n<li><strong>COLOR PROTECT<\/strong> s\u00a0ochrannou silou v\u00fdta\u017ek\u016f z\u00a0mo\u0159sk\u00fdch \u0159as<\/li>\n<\/ol>\n<p>Vhodn\u00e9 \u0159e\u0161en\u00ed<\/p>\n<ul>\n<li>Ochrana barven\u00fdch vlas\u016f<\/li>\n<li>Zv\u00fdrazn\u011bn\u00ed lesku<\/li>\n<li>Viditeln\u00e9 zm\u011bk\u010den\u00ed vlas\u016f<\/li>\n<li>Ochrana proti po\u0161kozen\u00ed horkem z\u00a0p\u0159\u00edstroj\u016f<\/li>\n<li>UV filtr<\/li>\n<\/ul>\n<p>(\u0161ampon, kondicion\u00e9r, maska, kr\u00e9m)<\/p>\n<div class=\"push  wpv-hide-lowres\" style=\"height:10px\"><\/div>\n<div class=\"push \" style=\"height:20px\"><\/div><\/div>\n<div class=\"wpv-grid grid-1-4  wpv-first-level grid-1-4 unextended animation-from-right animated-active no-extended-padding\" style=\"padding-top:0.05px;padding-bottom:0.05px;\" id=\"wpv-column-f880dcd3857aee34dca455eaf640020b\" ><p><a href=\"https:\/\/salonbastet.cz\/wp-content\/uploads\/2020\/05\/framesi-color.jpg\"><img loading=\"lazy\" decoding=\"async\" data-attachment-id=\"13964\" data-permalink=\"https:\/\/salonbastet.cz\/ru\/service\/pece-o-vlasy\/framesi-color\/\" data-orig-file=\"https:\/\/salonbastet.cz\/wp-content\/uploads\/2020\/05\/framesi-color.jpg\" data-orig-size=\"400,343\" data-comments-opened=\"1\" data-image-meta=\"{&quot;aperture&quot;:&quot;0&quot;,&quot;credit&quot;:&quot;&quot;,&quot;camera&quot;:&quot;&quot;,&quot;caption&quot;:&quot;&quot;,&quot;created_timestamp&quot;:&quot;0&quot;,&quot;copyright&quot;:&quot;&quot;,&quot;focal_length&quot;:&quot;0&quot;,&quot;iso&quot;:&quot;0&quot;,&quot;shutter_speed&quot;:&quot;0&quot;,&quot;title&quot;:&quot;&quot;,&quot;orientation&quot;:&quot;0&quot;}\" data-image-title=\"\" data-image-description=\"\" data-image-caption=\"\" data-medium-file=\"https:\/\/salonbastet.cz\/wp-content\/uploads\/2020\/05\/framesi-color-300x257.jpg\" data-large-file=\"https:\/\/salonbastet.cz\/wp-content\/uploads\/2020\/05\/framesi-color.jpg\" class=\"alignnone wp-image-13964 size-medium\" src=\"https:\/\/salonbastet.cz\/wp-content\/uploads\/2020\/05\/framesi-color-300x257.jpg\" alt=\"\" width=\"300\" height=\"257\" srcset=\"https:\/\/salonbastet.cz\/wp-content\/uploads\/2020\/05\/framesi-color-300x257.jpg 300w, https:\/\/salonbastet.cz\/wp-content\/uploads\/2020\/05\/framesi-color-320x274.jpg 320w, https:\/\/salonbastet.cz\/wp-content\/uploads\/2020\/05\/framesi-color-232x199.jpg 232w, https:\/\/salonbastet.cz\/wp-content\/uploads\/2020\/05\/framesi-color.jpg 400w\" sizes=\"(max-width: 300px) 100vw, 300px\" \/><\/a> <a href=\"https:\/\/salonbastet.cz\/wp-content\/uploads\/2020\/05\/framesi-regenerace.jpg\"><img loading=\"lazy\" decoding=\"async\" data-attachment-id=\"13965\" data-permalink=\"https:\/\/salonbastet.cz\/ru\/service\/pece-o-vlasy\/framesi-regenerace\/\" data-orig-file=\"https:\/\/salonbastet.cz\/wp-content\/uploads\/2020\/05\/framesi-regenerace.jpg\" data-orig-size=\"485,371\" data-comments-opened=\"1\" data-image-meta=\"{&quot;aperture&quot;:&quot;0&quot;,&quot;credit&quot;:&quot;&quot;,&quot;camera&quot;:&quot;&quot;,&quot;caption&quot;:&quot;&quot;,&quot;created_timestamp&quot;:&quot;0&quot;,&quot;copyright&quot;:&quot;&quot;,&quot;focal_length&quot;:&quot;0&quot;,&quot;iso&quot;:&quot;0&quot;,&quot;shutter_speed&quot;:&quot;0&quot;,&quot;title&quot;:&quot;&quot;,&quot;orientation&quot;:&quot;0&quot;}\" data-image-title=\"\" data-image-description=\"\" data-image-caption=\"\" data-medium-file=\"https:\/\/salonbastet.cz\/wp-content\/uploads\/2020\/05\/framesi-regenerace-300x229.jpg\" data-large-file=\"https:\/\/salonbastet.cz\/wp-content\/uploads\/2020\/05\/framesi-regenerace.jpg\" class=\"alignnone wp-image-13965 size-medium\" src=\"https:\/\/salonbastet.cz\/wp-content\/uploads\/2020\/05\/framesi-regenerace-300x229.jpg\" alt=\"\" width=\"300\" height=\"229\" srcset=\"https:\/\/salonbastet.cz\/wp-content\/uploads\/2020\/05\/framesi-regenerace-300x229.jpg 300w, https:\/\/salonbastet.cz\/wp-content\/uploads\/2020\/05\/framesi-regenerace-320x245.jpg 320w, https:\/\/salonbastet.cz\/wp-content\/uploads\/2020\/05\/framesi-regenerace-232x178.jpg 232w, https:\/\/salonbastet.cz\/wp-content\/uploads\/2020\/05\/framesi-regenerace-465x357.jpg 465w, https:\/\/salonbastet.cz\/wp-content\/uploads\/2020\/05\/framesi-regenerace.jpg 485w\" sizes=\"(max-width: 300px) 100vw, 300px\" \/><\/a> <a href=\"https:\/\/salonbastet.cz\/wp-content\/uploads\/2020\/05\/framesi1.jpg\"><img loading=\"lazy\" decoding=\"async\" data-attachment-id=\"13966\" data-permalink=\"https:\/\/salonbastet.cz\/ru\/service\/pece-o-vlasy\/framesi1\/\" data-orig-file=\"https:\/\/salonbastet.cz\/wp-content\/uploads\/2020\/05\/framesi1.jpg\" data-orig-size=\"512,503\" data-comments-opened=\"1\" data-image-meta=\"{&quot;aperture&quot;:&quot;0&quot;,&quot;credit&quot;:&quot;&quot;,&quot;camera&quot;:&quot;&quot;,&quot;caption&quot;:&quot;&quot;,&quot;created_timestamp&quot;:&quot;0&quot;,&quot;copyright&quot;:&quot;&quot;,&quot;focal_length&quot;:&quot;0&quot;,&quot;iso&quot;:&quot;0&quot;,&quot;shutter_speed&quot;:&quot;0&quot;,&quot;title&quot;:&quot;&quot;,&quot;orientation&quot;:&quot;0&quot;}\" data-image-title=\"framesi1\" data-image-description=\"\" data-image-caption=\"\" data-medium-file=\"https:\/\/salonbastet.cz\/wp-content\/uploads\/2020\/05\/framesi1-300x295.jpg\" data-large-file=\"https:\/\/salonbastet.cz\/wp-content\/uploads\/2020\/05\/framesi1.jpg\" class=\"alignnone wp-image-13966 size-medium\" src=\"https:\/\/salonbastet.cz\/wp-content\/uploads\/2020\/05\/framesi1-300x295.jpg\" alt=\"\" width=\"300\" height=\"295\" srcset=\"https:\/\/salonbastet.cz\/wp-content\/uploads\/2020\/05\/framesi1-300x295.jpg 300w, https:\/\/salonbastet.cz\/wp-content\/uploads\/2020\/05\/framesi1-60x60.jpg 60w, https:\/\/salonbastet.cz\/wp-content\/uploads\/2020\/05\/framesi1-43x43.jpg 43w, https:\/\/salonbastet.cz\/wp-content\/uploads\/2020\/05\/framesi1-495x486.jpg 495w, https:\/\/salonbastet.cz\/wp-content\/uploads\/2020\/05\/framesi1-320x314.jpg 320w, https:\/\/salonbastet.cz\/wp-content\/uploads\/2020\/05\/framesi1-232x228.jpg 232w, https:\/\/salonbastet.cz\/wp-content\/uploads\/2020\/05\/framesi1-465x457.jpg 465w, https:\/\/salonbastet.cz\/wp-content\/uploads\/2020\/05\/framesi1-50x50.jpg 50w, https:\/\/salonbastet.cz\/wp-content\/uploads\/2020\/05\/framesi1.jpg 512w\" sizes=\"(max-width: 300px) 100vw, 300px\" \/><\/a><\/div><\/div><\/div>\n<div class=\"limit-wrapper\"><div class=\"row \"><div class=\"wpv-grid grid-1-1 add-border wpv-first-level grid-1-1 first unextended no-extended-padding\" style=\"padding-top:0.05px;padding-bottom:0.05px;\" id=\"wpv-column-c8cf8b7cbf6e5f2559169f4465d44c08\" ><div class=\"row \"><div class=\"wpv-grid grid-1-2  grid-1-2 first wpv-hide-bg-lowres has-background unextended no-extended-padding\" style=\"\n\t\t\t\tbackground: url( &#039;https:\/\/salonbastet.cz\/wp-content\/uploads\/2015\/02\/bg_table_price.jpg&#039; ) no-repeat left bottom;\n\t\t\t\tbackground-size: auto;\n\t\t\tbackground-attachment: scroll;padding-top:0.05px;padding-bottom:100px;\" id=\"wpv-column-896c0877fc65641dc337c37040aac2f3\" ><div class=\"row \"><div class=\"wpv-grid grid-1-1  grid-1-1 first unextended animation-from-bottom animated-active no-extended-padding\" style=\"padding-top:0.05px;padding-bottom:0.05px;\" id=\"wpv-column-9705b5ca88a7377a71c75a269ef2b5cc\" >\t\t<h2 class=\"text-divider-double\">\t\t\t\nCenik\t\t<\/h2>\t\t<div class=\"sep\"><\/div>\n\t<\/div><\/div>\n<div class=\"push  wpv-hide-lowres\" style=\"height:20px\"><\/div>\n<div class=\"row \"><div class=\"wpv-grid grid-1-1  grid-1-1 first unextended animation-fade-in animated-active no-extended-padding\" style=\"padding-top:0.05px;padding-bottom:0.05px;\" id=\"wpv-column-ef6731db47aee4f539a9497ecdd44c31\" ><table class=\"vamtam-styled\">\n<tbody>\n<tr>\n<th><strong>P\u00c9\u010cE O VLASY:<\/strong><\/th>\n<th>\n<p style=\"text-align: right;\">\n<\/th>\n<th>\n<p style=\"text-align: right;\"><strong>Master<\/strong><\/p>\n<\/th>\n<th>\n<p style=\"text-align: right;\">\n<\/th>\n<\/tr>\n<tr>\n<th><\/th>\n<th>\n<p style=\"text-align: center;\"><strong>Kratk\u00e9<\/strong><\/p>\n<\/th>\n<th>\n<p style=\"text-align: center;\"><strong>St\u0159edn\u00ed<\/strong><\/p>\n<\/th>\n<th>\n<p style=\"text-align: right;\"><strong>Douh\u00e9<\/strong><\/p>\n<\/th>\n<\/tr>\n<tr>\n<td>Keratin (keratin cocochoco, myt\u00ed, st\u0159ih, foukan\u00e1)<\/td>\n<td>\n<p style=\"text-align: right;\"><strong>2500 K\u010d<\/strong><\/p>\n<\/td>\n<td>\n<p style=\"text-align: right;\"><strong>3000 K\u010d<\/strong><\/p>\n<\/td>\n<td>\n<p style=\"text-align: right;\"><strong>3500 K\u010d<\/strong><\/p>\n<\/td>\n<\/tr>\n<tr>\n<td>Peeling poko\u017eky hlavy regenerace vlas\u016f<\/td>\n<td>\n<p style=\"text-align: right;\"><strong>800 K\u010d<\/strong><\/p>\n<\/td>\n<td>\n<p style=\"text-align: right;\"><strong>1100 K\u010d<\/strong><\/p>\n<\/td>\n<td>\n<p style=\"text-align: right;\"><strong>1300 K\u010d<\/strong><\/p>\n<\/td>\n<\/tr>\n<tr>\n<td>Regenerace vlas\u016f UF studen\u00e1 \u017eehli\u010dka organick\u00e9 proteiny<\/td>\n<td>\n<p style=\"text-align: right;\"><strong>900 K\u010d<\/strong><\/p>\n<\/td>\n<td>\n<p style=\"text-align: right;\"><strong>1200 K\u010d<\/strong><\/p>\n<\/td>\n<td>\n<p style=\"text-align: right;\"><strong>1400 K\u010d<\/strong><\/p>\n<\/td>\n<\/tr>\n<\/tbody>\n<\/table><\/div><\/div><\/div>\n<div class=\"wpv-grid grid-1-2  grid-1-2 unextended left-border no-extended-padding\" style=\"padding-top:0.05px;padding-bottom:20px;\" id=\"wpv-column-da3adf185b3ffe8bc5717fcc47615774\" ><style>#wpv-column-da3adf185b3ffe8bc5717fcc47615774:before{background-color:#ededed;}<\/style><div class=\"row \"><div class=\"wpv-grid grid-1-1  grid-1-1 first unextended animation-from-bottom animated-active no-extended-padding\" style=\"padding-top:0.05px;padding-bottom:0.05px;\" id=\"wpv-column-c0c2549314b25d46d4f68032ba825be2\" >\t\t<h2 class=\"text-divider-double\">\t\t\t\nOBJEDNAT SE\t\t<\/h2>\t\t<div class=\"sep\"><\/div>\n\t<\/div><\/div>\n<div class=\"row \"><div class=\"wpv-grid grid-1-1  grid-1-1 first unextended no-extended-padding\" style=\"padding-top:0.05px;padding-bottom:0.05px;\" id=\"wpv-column-63a4e2932e1128cf4691910e48bd75fe\" >\t\t<h2 class=\"text-divider-double\">\t\t\t\nTel: <a href=\"tel:+420778010810\"><strong>+420 778 010 810<\/strong><\/a>\t\t<\/h2>\t\t<div class=\"sep\"><\/div>\n\t<\/div><\/div><\/div><\/div><\/div><\/div><\/div>\n<div class=\"push  wpv-hide-lowres\" style=\"height:60px\"><\/div>\n<div class=\"limit-wrapper\"><div class=\"row \"><div class=\"wpv-grid grid-1-1  wpv-first-level grid-1-1 first unextended no-extended-padding\" style=\"padding-top:0.05px;padding-bottom:0.05px;\" id=\"wpv-column-032ed70e1ad39e31e8dfe0e6c1808b76\" ><div class=\"vamtam-cubeportfolio cbp cbp-slider-edge vamtam-testimonials-slider\" data-options=\"{&quot;layoutMode&quot;:&quot;slider&quot;,&quot;drag&quot;:true,&quot;auto&quot;:false,&quot;autoTimeout&quot;:5000,&quot;autoPauseOnHover&quot;:true,&quot;showNavigation&quot;:false,&quot;showPagination&quot;:true,&quot;rewindNav&quot;:true,&quot;scrollByPage&quot;:false,&quot;gridAdjustment&quot;:&quot;responsive&quot;,&quot;mediaQueries&quot;:[{&quot;width&quot;:1,&quot;cols&quot;:1}],&quot;gapHorizontal&quot;:0,&quot;gapVertical&quot;:0,&quot;caption&quot;:&quot;&quot;,&quot;displayType&quot;:&quot;default&quot;}\"><div class=\"cbp-item\"><blockquote class='clearfix small simple post-10177 jetpack-testimonial type-jetpack-testimonial status-publish has-post-thumbnail hentry'><div class=\"quote-thumbnail\"><\/div><div class='quote-text'><div class=\"quote-title-wrapper clearfix\"><\/div><div class=\"quote-content\"><em><strong>\"\u0412\u044b\u043f\u0440\u044f\u043c\u0438\u043b\u0430 \u0432\u043e\u043b\u043e\u0441\u044b \u2014 \u043a \u0434\u043e\u0436\u0434\u044e; \u0443\u043b\u043e\u0436\u0438\u043b\u0430 \u0432\u043e\u043b\u043e\u0441\u044b \u2014 \u043a \u0432\u0435\u0442\u0440\u0443; \u043a\u0440\u0430\u0441\u0438\u0432\u043e \u0443\u043b\u043e\u0436\u0438\u043b\u0430 \u2014 \u043a \u0443\u0440\u0430\u0433\u0430\u043d\u0443; \u043d\u0435 \u0440\u0430\u0441\u0447\u0435\u0441\u0430\u043b\u0430 \u0432\u043e\u043b\u043e\u0441\u044b \u2014 \u0432\u0441\u0442\u0440\u0435\u0442\u0438\u043b\u0430 \u0432\u0441\u0435\u0445 \u0437\u043d\u0430\u043a\u043e\u043c\u044b\u0445\"<\/strong><\/em><\/div>\n<\/div><\/blockquote><\/div><div class=\"cbp-item\"><blockquote class='clearfix small simple post-10430 jetpack-testimonial type-jetpack-testimonial status-publish has-post-thumbnail hentry'><div class=\"quote-thumbnail\"><\/div><div class='quote-text'><div class=\"quote-title-wrapper clearfix\"><\/div><div class=\"quote-content\"><em><strong>\u041f\u0440\u0438\u0432\u043b\u0435\u043a\u0430\u0442\u0435\u043b\u044c\u043d\u044b\u043c \u043b\u044e\u0434\u044f\u043c \u0447\u0430\u0449\u0435 \u0441\u043e\u043f\u0443\u0442\u0441\u0442\u0432\u0443\u0435\u0442 \u0443\u0434\u0430\u0447\u0430, \u0430\u00a0\u043c\u043e\u0434\u043d\u0430\u044f \u043c\u0443\u0436\u0441\u043a\u0430\u044f \u0441\u0442\u0440\u0438\u0436\u043a\u0430 \u2013 \u0437\u0430\u043b\u043e\u0433 \u0443\u0441\u043f\u0435\u0445\u0430!<\/strong><\/em><\/div>\n<\/div><\/blockquote><\/div><div class=\"cbp-item\"><blockquote class='clearfix small simple post-10431 jetpack-testimonial type-jetpack-testimonial status-publish has-post-thumbnail hentry'><div class=\"quote-thumbnail\"><\/div><div class='quote-text'><div class=\"quote-title-wrapper clearfix\"><\/div><div class=\"quote-content\">\n<p><em><strong><span style=\"color: #000000;\">\"\u041a\u0440\u0430\u0441\u043e\u0442\u0430 \u0434\u0435\u0439\u0441\u0442\u0432\u0443\u0435\u0442 \u0434\u0430\u0436\u0435 \u043d\u0430 \u0442\u0435\u0445, \u043a\u0442\u043e \u0435\u0435 \u043d\u0435 \u0437\u0430\u043c\u0435\u0447\u0430\u0435\u0442\".<\/span><\/strong><\/em><\/p>\n<p><em><strong><span style=\"color: #000000;\">\u0416\u0430\u043d \u041a\u043e\u043a\u0442\u043e<\/span><\/strong><\/em><\/p>\n<p><!-- wp:paragraph --><\/p>\n<p><!-- \/wp:paragraph --><\/div>\n<\/div><\/blockquote><\/div><\/div><\/div><\/div><\/div>\n<div class=\"push  wpv-hide-lowres\" style=\"height:60px\"><\/div>\n<div class=\"row \"><div class=\"wpv-grid grid-1-1  wpv-first-level grid-1-1 first extended-content unextended no-extended-padding\" style=\"padding-top:0.05px;padding-bottom:0.05px;\" id=\"wpv-column-426817cad7a8c64e3438d137b1cc8d70\" ><div class=\"extended-column-inner\"><div class=\"row \"><div class=\"wpv-grid grid-1-1  grid-1-1 first unextended animation-zoom-in animated-active no-extended-padding\" style=\"padding-top:0.05px;padding-bottom:0.05px;\" id=\"wpv-column-76cf4f165ecfdc2010f21a6fd50cd7ca\" ><div class=\"sep-3\"><\/div><\/div><\/div><\/div><\/div><\/div>\n<div class=\"push  wpv-hide-lowres\" style=\"margin-bottom:-31px\"><\/div>\n<div class=\"row \"><div class=\"wpv-grid grid-1-1  wpv-first-level grid-1-1 first extended-content unextended no-extended-padding\" style=\"padding-top:0.05px;padding-bottom:0.05px;\" id=\"wpv-column-b61851da02476384037dfc8fb412d154\" ><div class=\"extended-column-inner\"><div class=\"row \"><div class=\"wpv-grid grid-1-6  grid-1-6 lowres-width-override lowres-grid-1-2 first unextended animation-fade-in animated-active no-extended-padding\" style=\"padding-top:0.05px;padding-bottom:0.05px;\" id=\"wpv-column-e8c58f2d4984014d2a2bd48a3a54a88a\" >\n<div  data-href=\"\/service\/damske-kadernictvi\/\" tabindex=\"1\" data-target=\"_self\" class=\"linkarea clearfix accent7  background-accent5\">\n\t\t\t<div class=\"first\"><span class='icon shortcode theme  use-hover' style='color:#b69e59;font-size:45px !important;'>&#58916;<\/span><\/div>\n\t\t\t\t<div class=\"last\"><h3 style=\"text-align: center;\">D\u00e1msk\u00e9 kade\u0159nictv\u00ed<\/h3><\/div>\n\t<\/div>\n<\/div>\n<div class=\"wpv-grid grid-1-6  grid-1-6 lowres-width-override lowres-grid-1-2 unextended animation-fade-in animated-active no-extended-padding\" style=\"padding-top:0.05px;padding-bottom:0.05px;\" id=\"wpv-column-7315b4d60d891808eba04ff27a0677c1\" >\n<div  data-href=\"\/service\/detske-strihy\/\" tabindex=\"1\" data-target=\"_self\" class=\"linkarea clearfix accent7  background-accent5\">\n\t\t\t<div class=\"first\"><span class='icon shortcode theme  use-hover' style='color:#b69e59;font-size:45px !important;'>&#58919;<\/span><\/div>\n\t\t\t\t<div class=\"last\"><h3 style=\"text-align: center;\">D\u011btsk\u00e9 kade\u0159nictv\u00ed<\/h3><\/div>\n\t<\/div>\n<\/div>\n<div class=\"wpv-grid grid-1-6  grid-1-6 lowres-width-override lowres-grid-1-2 unextended animation-fade-in animated-active no-extended-padding\" style=\"padding-top:0.05px;padding-bottom:0.05px;\" id=\"wpv-column-2bcbf6745a1d8a6968a5e81987e1a242\" >\n<div  data-href=\"\/service\/manikura\/\" tabindex=\"1\" data-target=\"_self\" class=\"linkarea clearfix accent7  background-accent5\">\n\t\t\t<div class=\"first\"><span class='icon shortcode theme  use-hover' style='color:#b69e59;font-size:45px !important;'>&#58918;<\/span><\/div>\n\t\t\t\t<div class=\"last\"><h3 style=\"text-align: center;\">Manik\u00fara<\/h3><\/div>\n\t<\/div>\n<\/div>\n<div class=\"wpv-grid grid-1-6  grid-1-6 lowres-width-override lowres-grid-1-2 unextended animation-fade-in animated-active no-extended-padding\" style=\"padding-top:0.05px;padding-bottom:0.05px;\" id=\"wpv-column-53d26d6ec9e0c62f5cc23bab48649222\" >\n<div  data-href=\"\/service\/korekce-a-barveni-oboci\/\" tabindex=\"1\" data-target=\"_self\" class=\"linkarea clearfix accent7  background-accent5\">\n\t\t\t<div class=\"first\"><span class='icon shortcode   use-hover' style='color:#b69e59;font-size:45px !important;'>&#57841;<\/span><\/div>\n\t\t\t\t<div class=\"last\"><h3 style=\"text-align: center;\">Obo\u010d\u00ed, \u0159as<\/h3><\/div>\n\t<\/div>\n<\/div>\n<div class=\"wpv-grid grid-1-6  grid-1-6 lowres-width-override lowres-grid-1-2 unextended animation-fade-in animated-active no-extended-padding\" style=\"padding-top:0.05px;padding-bottom:0.05px;\" id=\"wpv-column-4d9e9730b0852b74090dc339f255291f\" >\n<div  data-href=\"\/service\/barveni\/\" tabindex=\"1\" data-target=\"_self\" class=\"linkarea clearfix accent7  background-accent5\">\n\t\t\t<div class=\"first\"><span class='icon shortcode theme  use-hover' style='color:#b69e59;font-size:45px !important;'>&#58915;<\/span><\/div>\n\t\t\t\t<div class=\"last\"><h3 style=\"text-align: center;\">Barven\u00ed vlas\u016f<\/h3><\/div>\n\t<\/div>\n<\/div>\n<div class=\"wpv-grid grid-1-6  grid-1-6 lowres-width-override lowres-grid-1-2 unextended animation-fade-in animated-active no-extended-padding\" style=\"padding-top:0.05px;padding-bottom:0.05px;\" id=\"wpv-column-72e2a98b575798c670665ca92c49e11c\" >\n<div  data-href=\"\/service\/panske-kadernictvi\/\" tabindex=\"1\" data-target=\"_self\" class=\"linkarea clearfix accent7  background-accent5\">\n\t\t\t<div class=\"first\"><span class='icon shortcode theme  use-hover' style='color:#b69e59;font-size:45px !important;'>&#58914;<\/span><\/div>\n\t\t\t\t<div class=\"last\"><h3 style=\"text-align: center;\">P\u00e1nsk\u00e9 st\u0159ihy<\/h3><\/div>\n\t<\/div>\n<\/div><\/div><\/div><\/div><\/div>\n","protected":false},"excerpt":{"rendered":"<p>&#171;\u041a\u0440\u0430\u0441\u043e\u0442\u0430 \u0434\u0435\u0439\u0441\u0442\u0432\u0443\u0435\u0442 \u0434\u0430\u0436\u0435 \u043d\u0430 \u0442\u0435\u0445, \u043a\u0442\u043e \u0435\u0435 \u043d\u0435 \u0437\u0430\u043c\u0435\u0447\u0430\u0435\u0442&#187;. \u0416\u0430\u043d \u041a\u043e\u043a\u0442\u043e<\/p>\n","protected":false},"author":1,"featured_media":13961,"parent":7956,"menu_order":6,"comment_status":"closed","ping_status":"closed","template":"","meta":{"footnotes":""},"acf":[],"jetpack_sharing_enabled":false,"jetpack_likes_enabled":true,"_links":{"self":[{"href":"https:\/\/salonbastet.cz\/ru\/wp-json\/wp\/v2\/pages\/13947"}],"collection":[{"href":"https:\/\/salonbastet.cz\/ru\/wp-json\/wp\/v2\/pages"}],"about":[{"href":"https:\/\/salonbastet.cz\/ru\/wp-json\/wp\/v2\/types\/page"}],"author":[{"embeddable":true,"href":"https:\/\/salonbastet.cz\/ru\/wp-json\/wp\/v2\/users\/1"}],"replies":[{"embeddable":true,"href":"https:\/\/salonbastet.cz\/ru\/wp-json\/wp\/v2\/comments?post=13947"}],"version-history":[{"count":28,"href":"https:\/\/salonbastet.cz\/ru\/wp-json\/wp\/v2\/pages\/13947\/revisions"}],"predecessor-version":[{"id":15373,"href":"https:\/\/salonbastet.cz\/ru\/wp-json\/wp\/v2\/pages\/13947\/revisions\/15373"}],"up":[{"embeddable":true,"href":"https:\/\/salonbastet.cz\/ru\/wp-json\/wp\/v2\/pages\/7956"}],"wp:featuredmedia":[{"embeddable":true,"href":"https:\/\/salonbastet.cz\/ru\/wp-json\/wp\/v2\/media\/13961"}],"wp:attachment":[{"href":"https:\/\/salonbastet.cz\/ru\/wp-json\/wp\/v2\/media?parent=13947"}],"curies":[{"name":"wp","href":"https:\/\/api.w.org\/{rel}","templated":true}]}}