{"id":13003,"date":"2018-11-17T12:20:25","date_gmt":"2018-11-17T12:20:25","guid":{"rendered":"http:\/\/salonbastet.cz\/?page_id=13003"},"modified":"2024-02-28T13:08:13","modified_gmt":"2024-02-28T11:08:13","slug":"barveni-ombre-balayge","status":"publish","type":"page","link":"https:\/\/salonbastet.cz\/ru\/service\/barveni-ombre-balayge\/","title":{"rendered":"\u041e\u043a\u0440\u0430\u0448\u0438\u0432\u0430\u043d\u0438\u0435 AirTouch, Ombre, Balayage"},"content":{"rendered":"<div class=\"push  wpv-hide-lowres\" style=\"margin-bottom:-60px\"><\/div>\n<div class=\"limit-wrapper\"><div class=\"row \"><div class=\"wpv-grid grid-1-1  wpv-first-level grid-1-1 first has-background unextended no-extended-padding\" style=\"\n\t\t\t\tbackground: url( &#039;https:\/\/salonbastet.cz\/wp-content\/uploads\/2016\/01\/bg_intro-home.png&#039; ) no-repeat center top;\n\t\t\t\tbackground-size: auto;\n\t\t\tbackground-attachment: scroll;padding-top:50px;padding-bottom:20px;\" id=\"wpv-column-b9f46179a10a3a7200ecfc451211230e\" ><div class=\"row \"><div class=\"wpv-grid grid-1-5  grid-1-5 first unextended no-extended-padding\" style=\"padding-top:0.05px;padding-bottom:0.05px;\" id=\"wpv-column-19f92d2ffdea30e1ec81643214e6cf69\" ><div class=\"push  wpv-hide-lowres\" style=\"height:1px\"><\/div><\/div>\n<div class=\"wpv-grid grid-3-5  grid-3-5 unextended no-extended-padding\" style=\"padding-top:0.05px;padding-bottom:0.05px;\" id=\"wpv-column-d8dcc8e110df733ada425d47636eb122\" >\t\t<h2 class=\"text-divider-double\">\t\t\t\n<span class='icon shortcode theme  use-hover' style='color:#b69e59;font-size:50px !important;'>&#58913;<\/span> BARVEN\u00cd AIRTOUCH, OMBRE, BALAYAGE\t\t<\/h2>\t\t<div class=\"sep\"><\/div>\n\t<\/div><\/div><\/div><\/div><\/div>\n<div class=\"push  wpv-hide-lowres\" style=\"height:70px\"><\/div>\n<div class=\"limit-wrapper\"><div class=\"row \"><div class=\"wpv-grid grid-1-1 add-border wpv-first-level grid-1-1 first unextended no-extended-padding\" style=\"padding-top:0.05px;padding-bottom:0.05px;\" id=\"wpv-column-a0b8c7d32a7395a2114eaf143a702942\" ><div class=\"row \"><div class=\"wpv-grid grid-1-2  grid-1-2 first wpv-hide-bg-lowres has-background unextended no-extended-padding\" style=\"\n\t\t\t\tbackground: url( &#039;https:\/\/salonbastet.cz\/wp-content\/uploads\/2015\/02\/bg_table_price.jpg&#039; ) no-repeat left bottom;\n\t\t\t\tbackground-size: auto;\n\t\t\tbackground-attachment: scroll;padding-top:0.05px;padding-bottom:100px;\" id=\"wpv-column-995c7a62067ffa372a321aedec9f6f71\" ><div class=\"row \"><div class=\"wpv-grid grid-1-1  grid-1-1 first unextended animation-from-bottom animated-active no-extended-padding\" style=\"padding-top:0.05px;padding-bottom:0.05px;\" id=\"wpv-column-28ecc8b8347d9f55cb243c56b9785234\" >\t\t<h2 class=\"text-divider-double\">\t\t\t\nCenik\t\t<\/h2>\t\t<div class=\"sep\"><\/div>\n\t<\/div><\/div>\n<div class=\"push  wpv-hide-lowres\" style=\"height:20px\"><\/div>\n<div class=\"row \"><div class=\"wpv-grid grid-1-1  grid-1-1 first unextended animation-fade-in animated-active no-extended-padding\" style=\"padding-top:0.05px;padding-bottom:0.05px;\" id=\"wpv-column-4501cf07fa905a3f16be61cbdaf308ee\" ><table class=\"vamtam-styled\">\n<tbody>\n<tr>\n<th>BARVEN\u00cd AIRTOUCH, OMBRE, BALAYAGE:<\/th>\n<th>\n<p style=\"text-align: right;\">\n<\/th>\n<th>\n<p style=\"text-align: right;\"><strong>Master<\/strong><\/p>\n<\/th>\n<th>\n<p style=\"text-align: right;\">\n<\/th>\n<\/tr>\n<tr>\n<th><\/th>\n<th>\n<p style=\"text-align: right;\"><strong><strong>Kratk\u00e9<\/strong><\/strong><\/p>\n<\/th>\n<th>\n<p style=\"text-align: right;\"><strong><strong>St\u0159edn\u00ed<\/strong><\/strong><\/p>\n<\/th>\n<th>\n<p style=\"text-align: right;\"><strong><strong>Douh\u00e9<\/strong><\/strong><\/p>\n<\/th>\n<\/tr>\n<tr>\n<td>Zesv\u011btluj\u00edc\u00ed techniky (mel\u00edr, balayage, airtouch)<\/p>\n<p>(myt\u00ed, st\u0159ih, foukan\u00e1, regenerace, zesv\u011btlen\u00ed, tonov\u00e1n\u00ed)<\/td>\n<td>\n<p style=\"text-align: right;\"><strong>1900-4000 K\u010d<\/strong> <strong><\/strong><\/p>\n<\/td>\n<td>\n<p style=\"text-align: right;\"><strong>2500-5000 K\u010d<\/strong><\/p>\n<\/td>\n<\/tr>\n<tr>\n<td>Mel\u00edr<\/td>\n<td>\n<p style=\"text-align: right;\"><strong>700 K\u010d<\/strong><strong><\/strong><\/p>\n<\/td>\n<td>\n<p style=\"text-align: right;\"><strong>1000 K\u010d<\/strong><\/p>\n<\/td>\n<td>\n<p style=\"text-align: right;\"><strong>1300 K\u010d<\/strong><\/p>\n<\/td>\n<\/tr>\n<tr>\n<td>Ombre Balayage<\/td>\n<td>\n<p style=\"text-align: right;\"><strong>2500 K\u010d<\/strong><strong><\/strong><\/p>\n<\/td>\n<td>\n<p style=\"text-align: right;\"><strong>3000 K\u010d<\/strong><\/p>\n<\/td>\n<td>\n<p style=\"text-align: right;\"><strong>3500 K\u010d<\/strong><\/p>\n<\/td>\n<\/tr>\n<tr>\n<td>Airtouch<\/td>\n<td>\n<p style=\"text-align: right;\"><strong>3000 K\u010d<\/strong><strong><\/strong><\/p>\n<\/td>\n<td>\n<p style=\"text-align: right;\"><strong>3500 K\u010d<\/strong><\/p>\n<\/td>\n<td>\n<p style=\"text-align: right;\"><strong>4000 K\u010d<\/strong><\/p>\n<\/td>\n<\/tr>\n<tr>\n<td>Flising vlasy<\/td>\n<td>\n<p style=\"text-align: right;\"><strong>1400 K\u010d<\/strong><strong><\/strong><\/p>\n<\/td>\n<td>\n<p style=\"text-align: right;\"><strong>1500 K\u010d<\/strong><\/p>\n<\/td>\n<td>\n<p style=\"text-align: right;\"><strong>1600 K\u010d<\/strong><\/p>\n<\/td>\n<\/tr>\n<tr>\n<td><strong>* myt\u00ed st\u0159ih foukan\u00e1 \u2013 cena zvla\u0161\u0165<\/strong><\/td>\n<td>\n<p style=\"text-align: right;\">\n<\/td>\n<td>\n<p style=\"text-align: right;\">\n<\/td>\n<\/tr>\n<tr>\n<td><strong>* Master pou\u017e\u00edv\u00e1 organickou kosmetiku Oway, Framesi, Matrix, Fanola<\/strong><\/td>\n<td>\n<p style=\"text-align: right;\">\n<\/td>\n<td>\n<p style=\"text-align: right;\">\n<\/td>\n<\/tr>\n<tr>\n<td><strong>* Cena z\u00e1le\u017e\u00ed na spot\u0159eb\u011b materi\u00e1lu a \u010dasov\u00e9 n\u00e1ro\u010dnosti<\/strong><\/td>\n<\/tr>\n<\/tbody>\n<\/table><\/div><\/div><\/div>\n<div class=\"wpv-grid grid-1-2  grid-1-2 unextended left-border no-extended-padding\" style=\"padding-top:0.05px;padding-bottom:20px;\" id=\"wpv-column-9e930e66bc4752779aa969d712e053dc\" ><style>#wpv-column-9e930e66bc4752779aa969d712e053dc:before{background-color:#ededed;}<\/style><div class=\"row \"><div class=\"wpv-grid grid-1-1  grid-1-1 first unextended animation-from-bottom animated-active no-extended-padding\" style=\"padding-top:0.05px;padding-bottom:0.05px;\" id=\"wpv-column-6c66fd0a6f7e34c5271f07aa74207509\" >\t\t<h2 class=\"text-divider-double\">\t\t\t\nOBJEDNAT SE\t\t<\/h2>\t\t<div class=\"sep\"><\/div>\n\t<\/div><\/div>\n<div class=\"row \"><div class=\"wpv-grid grid-1-1  grid-1-1 first unextended no-extended-padding\" style=\"padding-top:0.05px;padding-bottom:0.05px;\" id=\"wpv-column-f9129246822a2487489ed57deb8a2f6d\" >\t\t<h2 class=\"text-divider-double\">\t\t\t\nTel: <a href=\"tel:+420778010810\"><strong>+420 778 010 810<\/strong><\/a>\t\t<\/h2>\t\t<div class=\"sep\"><\/div>\n\t<\/div><\/div><\/div><\/div><\/div><\/div><\/div>\n<div class=\"push  wpv-hide-lowres\" style=\"height:60px\"><\/div>\n<div class=\"limit-wrapper\"><div class=\"row \"><div class=\"wpv-grid grid-1-1  wpv-first-level grid-1-1 first unextended no-extended-padding\" style=\"padding-top:0.05px;padding-bottom:0.05px;\" id=\"wpv-column-10097a5126353be90468e89f85b89b51\" ><div class=\"vamtam-cubeportfolio cbp cbp-slider-edge vamtam-testimonials-slider\" data-options=\"{&quot;layoutMode&quot;:&quot;slider&quot;,&quot;drag&quot;:true,&quot;auto&quot;:false,&quot;autoTimeout&quot;:5000,&quot;autoPauseOnHover&quot;:true,&quot;showNavigation&quot;:false,&quot;showPagination&quot;:true,&quot;rewindNav&quot;:true,&quot;scrollByPage&quot;:false,&quot;gridAdjustment&quot;:&quot;responsive&quot;,&quot;mediaQueries&quot;:[{&quot;width&quot;:1,&quot;cols&quot;:1}],&quot;gapHorizontal&quot;:0,&quot;gapVertical&quot;:0,&quot;caption&quot;:&quot;&quot;,&quot;displayType&quot;:&quot;default&quot;}\"><div class=\"cbp-item\"><blockquote class='clearfix small simple post-10177 jetpack-testimonial type-jetpack-testimonial status-publish has-post-thumbnail hentry'><div class=\"quote-thumbnail\"><\/div><div class='quote-text'><div class=\"quote-title-wrapper clearfix\"><\/div><div class=\"quote-content\"><em><strong>\"\u0412\u044b\u043f\u0440\u044f\u043c\u0438\u043b\u0430 \u0432\u043e\u043b\u043e\u0441\u044b \u2014 \u043a \u0434\u043e\u0436\u0434\u044e; \u0443\u043b\u043e\u0436\u0438\u043b\u0430 \u0432\u043e\u043b\u043e\u0441\u044b \u2014 \u043a \u0432\u0435\u0442\u0440\u0443; \u043a\u0440\u0430\u0441\u0438\u0432\u043e \u0443\u043b\u043e\u0436\u0438\u043b\u0430 \u2014 \u043a \u0443\u0440\u0430\u0433\u0430\u043d\u0443; \u043d\u0435 \u0440\u0430\u0441\u0447\u0435\u0441\u0430\u043b\u0430 \u0432\u043e\u043b\u043e\u0441\u044b \u2014 \u0432\u0441\u0442\u0440\u0435\u0442\u0438\u043b\u0430 \u0432\u0441\u0435\u0445 \u0437\u043d\u0430\u043a\u043e\u043c\u044b\u0445\"<\/strong><\/em><\/div>\n<\/div><\/blockquote><\/div><div class=\"cbp-item\"><blockquote class='clearfix small simple post-10430 jetpack-testimonial type-jetpack-testimonial status-publish has-post-thumbnail hentry'><div class=\"quote-thumbnail\"><\/div><div class='quote-text'><div class=\"quote-title-wrapper clearfix\"><\/div><div class=\"quote-content\"><em><strong>\u041f\u0440\u0438\u0432\u043b\u0435\u043a\u0430\u0442\u0435\u043b\u044c\u043d\u044b\u043c \u043b\u044e\u0434\u044f\u043c \u0447\u0430\u0449\u0435 \u0441\u043e\u043f\u0443\u0442\u0441\u0442\u0432\u0443\u0435\u0442 \u0443\u0434\u0430\u0447\u0430, \u0430\u00a0\u043c\u043e\u0434\u043d\u0430\u044f \u043c\u0443\u0436\u0441\u043a\u0430\u044f \u0441\u0442\u0440\u0438\u0436\u043a\u0430 \u2013 \u0437\u0430\u043b\u043e\u0433 \u0443\u0441\u043f\u0435\u0445\u0430!<\/strong><\/em><\/div>\n<\/div><\/blockquote><\/div><div class=\"cbp-item\"><blockquote class='clearfix small simple post-10431 jetpack-testimonial type-jetpack-testimonial status-publish has-post-thumbnail hentry'><div class=\"quote-thumbnail\"><\/div><div class='quote-text'><div class=\"quote-title-wrapper clearfix\"><\/div><div class=\"quote-content\">\n<p><em><strong><span style=\"color: #000000;\">\"\u041a\u0440\u0430\u0441\u043e\u0442\u0430 \u0434\u0435\u0439\u0441\u0442\u0432\u0443\u0435\u0442 \u0434\u0430\u0436\u0435 \u043d\u0430 \u0442\u0435\u0445, \u043a\u0442\u043e \u0435\u0435 \u043d\u0435 \u0437\u0430\u043c\u0435\u0447\u0430\u0435\u0442\".<\/span><\/strong><\/em><\/p>\n<p><em><strong><span style=\"color: #000000;\">\u0416\u0430\u043d \u041a\u043e\u043a\u0442\u043e<\/span><\/strong><\/em><\/p>\n<p><!-- wp:paragraph --><\/p>\n<p><!-- \/wp:paragraph --><\/div>\n<\/div><\/blockquote><\/div><\/div><\/div><\/div><\/div>\n<div class=\"push  wpv-hide-lowres\" style=\"height:60px\"><\/div>\n<div class=\"row \"><div class=\"wpv-grid grid-1-1  wpv-first-level grid-1-1 first extended-content unextended no-extended-padding\" style=\"padding-top:0.05px;padding-bottom:0.05px;\" id=\"wpv-column-0e1c804a26e40b654181ca9647172c94\" ><div class=\"extended-column-inner\"><div class=\"row \"><div class=\"wpv-grid grid-1-1  grid-1-1 first unextended animation-zoom-in animated-active no-extended-padding\" style=\"padding-top:0.05px;padding-bottom:0.05px;\" id=\"wpv-column-743af94c79f3a2e4152f0830f61550cd\" ><div class=\"sep-3\"><\/div><\/div><\/div><\/div><\/div><\/div>\n<div class=\"push  wpv-hide-lowres\" style=\"margin-bottom:-31px\"><\/div>\n<div class=\"row \"><div class=\"wpv-grid grid-1-1  wpv-first-level grid-1-1 first extended-content unextended no-extended-padding\" style=\"padding-top:0.05px;padding-bottom:0.05px;\" id=\"wpv-column-4cc852909233b148714308104a2e1c9b\" ><div class=\"extended-column-inner\"><div class=\"row \"><div class=\"wpv-grid grid-1-6  grid-1-6 lowres-width-override lowres-grid-1-2 first unextended animation-fade-in animated-active no-extended-padding\" style=\"padding-top:0.05px;padding-bottom:0.05px;\" id=\"wpv-column-38cb8209121b732cd8c4661977152131\" >\n<div  data-href=\"\/service\/damske-kadernictvi\/\" tabindex=\"1\" data-target=\"_self\" class=\"linkarea clearfix accent7  background-accent5\">\n\t\t\t<div class=\"first\"><span class='icon shortcode theme  use-hover' style='color:#b69e59;font-size:45px !important;'>&#58916;<\/span><\/div>\n\t\t\t\t<div class=\"last\"><h3 style=\"text-align: center;\">D\u00e1msk\u00e9 kade\u0159nictv\u00ed<\/h3><\/div>\n\t<\/div>\n<\/div>\n<div class=\"wpv-grid grid-1-6  grid-1-6 lowres-width-override lowres-grid-1-2 unextended animation-fade-in animated-active no-extended-padding\" style=\"padding-top:0.05px;padding-bottom:0.05px;\" id=\"wpv-column-aaa201c4b6afd3581636c2e3e01a2013\" >\n<div  data-href=\"\/service\/detske-strihy\/\" tabindex=\"1\" data-target=\"_self\" class=\"linkarea clearfix accent7  background-accent5\">\n\t\t\t<div class=\"first\"><span class='icon shortcode theme  use-hover' style='color:#b69e59;font-size:45px !important;'>&#58919;<\/span><\/div>\n\t\t\t\t<div class=\"last\"><h3 style=\"text-align: center;\">D\u011btsk\u00e9 kade\u0159nictv\u00ed<\/h3><\/div>\n\t<\/div>\n<\/div>\n<div class=\"wpv-grid grid-1-6  grid-1-6 lowres-width-override lowres-grid-1-2 unextended animation-fade-in animated-active no-extended-padding\" style=\"padding-top:0.05px;padding-bottom:0.05px;\" id=\"wpv-column-0d78642f3645f15fa8e7bbb1612e1b3c\" >\n<div  data-href=\"\/service\/manikura\/\" tabindex=\"1\" data-target=\"_self\" class=\"linkarea clearfix accent7  background-accent5\">\n\t\t\t<div class=\"first\"><span class='icon shortcode theme  use-hover' style='color:#b69e59;font-size:45px !important;'>&#58918;<\/span><\/div>\n\t\t\t\t<div class=\"last\"><h3 style=\"text-align: center;\">Manik\u00fara<\/h3><\/div>\n\t<\/div>\n<\/div>\n<div class=\"wpv-grid grid-1-6  grid-1-6 lowres-width-override lowres-grid-1-2 unextended animation-fade-in animated-active no-extended-padding\" style=\"padding-top:0.05px;padding-bottom:0.05px;\" id=\"wpv-column-a9db5eff9284e0a387faabb2bf3f6687\" >\n<div  data-href=\"\/service\/korekce-a-barveni-oboci\/\" tabindex=\"1\" data-target=\"_self\" class=\"linkarea clearfix accent7  background-accent5\">\n\t\t\t<div class=\"first\"><span class='icon shortcode   use-hover' style='color:#b69e59;font-size:45px !important;'>&#57841;<\/span><\/div>\n\t\t\t\t<div class=\"last\"><h3 style=\"text-align: center;\">Obo\u010d\u00ed, \u0159as<\/h3><\/div>\n\t<\/div>\n<\/div>\n<div class=\"wpv-grid grid-1-6  grid-1-6 lowres-width-override lowres-grid-1-2 unextended animation-fade-in animated-active no-extended-padding\" style=\"padding-top:0.05px;padding-bottom:0.05px;\" id=\"wpv-column-075b1b327e6b23415721fdf85e544dc1\" >\n<div  data-href=\"\/service\/barveni\/\" tabindex=\"1\" data-target=\"_self\" class=\"linkarea clearfix accent7  background-accent5\">\n\t\t\t<div class=\"first\"><span class='icon shortcode theme  use-hover' style='color:#b69e59;font-size:45px !important;'>&#58915;<\/span><\/div>\n\t\t\t\t<div class=\"last\"><h3 style=\"text-align: center;\">Barven\u00ed vlas\u016f<\/h3><\/div>\n\t<\/div>\n<\/div>\n<div class=\"wpv-grid grid-1-6  grid-1-6 lowres-width-override lowres-grid-1-2 unextended animation-fade-in animated-active no-extended-padding\" style=\"padding-top:0.05px;padding-bottom:0.05px;\" id=\"wpv-column-386e18330510507fab08d01023157d45\" >\n<div  data-href=\"\/service\/panske-kadernictvi\/\" tabindex=\"1\" data-target=\"_self\" class=\"linkarea clearfix accent7  background-accent5\">\n\t\t\t<div class=\"first\"><span class='icon shortcode theme  use-hover' style='color:#b69e59;font-size:45px !important;'>&#58914;<\/span><\/div>\n\t\t\t\t<div class=\"last\"><h3 style=\"text-align: center;\">P\u00e1nsk\u00e9 st\u0159ihy<\/h3><\/div>\n\t<\/div>\n<\/div><\/div><\/div><\/div><\/div>\n","protected":false},"excerpt":{"rendered":"<p>&#171;\u041a\u0440\u0430\u0441\u043e\u0442\u0430 \u0434\u0435\u0439\u0441\u0442\u0432\u0443\u0435\u0442 \u0434\u0430\u0436\u0435 \u043d\u0430 \u0442\u0435\u0445, \u043a\u0442\u043e \u0435\u0435 \u043d\u0435 \u0437\u0430\u043c\u0435\u0447\u0430\u0435\u0442&#187;. \u0416\u0430\u043d \u041a\u043e\u043a\u0442\u043e<\/p>\n","protected":false},"author":1,"featured_media":13558,"parent":7956,"menu_order":29,"comment_status":"closed","ping_status":"closed","template":"","meta":{"footnotes":""},"acf":[],"jetpack_sharing_enabled":false,"jetpack_likes_enabled":true,"_links":{"self":[{"href":"https:\/\/salonbastet.cz\/ru\/wp-json\/wp\/v2\/pages\/13003"}],"collection":[{"href":"https:\/\/salonbastet.cz\/ru\/wp-json\/wp\/v2\/pages"}],"about":[{"href":"https:\/\/salonbastet.cz\/ru\/wp-json\/wp\/v2\/types\/page"}],"author":[{"embeddable":true,"href":"https:\/\/salonbastet.cz\/ru\/wp-json\/wp\/v2\/users\/1"}],"replies":[{"embeddable":true,"href":"https:\/\/salonbastet.cz\/ru\/wp-json\/wp\/v2\/comments?post=13003"}],"version-history":[{"count":33,"href":"https:\/\/salonbastet.cz\/ru\/wp-json\/wp\/v2\/pages\/13003\/revisions"}],"predecessor-version":[{"id":15379,"href":"https:\/\/salonbastet.cz\/ru\/wp-json\/wp\/v2\/pages\/13003\/revisions\/15379"}],"up":[{"embeddable":true,"href":"https:\/\/salonbastet.cz\/ru\/wp-json\/wp\/v2\/pages\/7956"}],"wp:featuredmedia":[{"embeddable":true,"href":"https:\/\/salonbastet.cz\/ru\/wp-json\/wp\/v2\/media\/13558"}],"wp:attachment":[{"href":"https:\/\/salonbastet.cz\/ru\/wp-json\/wp\/v2\/media?parent=13003"}],"curies":[{"name":"wp","href":"https:\/\/api.w.org\/{rel}","templated":true}]}}