{"id":12551,"date":"2018-11-04T10:32:14","date_gmt":"2018-11-04T10:32:14","guid":{"rendered":"http:\/\/salonbastet.cz\/?page_id=12551"},"modified":"2024-02-28T12:34:03","modified_gmt":"2024-02-28T10:34:03","slug":"korekce-a-barveni-oboci","status":"publish","type":"page","link":"https:\/\/salonbastet.cz\/ru\/service\/korekce-a-barveni-oboci\/","title":{"rendered":"\u041a\u043e\u0440\u0440\u0435\u043a\u0446\u0438\u044f \u0438 \u043e\u043a\u0440\u0430\u0448\u0438\u0432\u0430\u043d\u0438\u0435 \u0431\u0440\u043e\u0432\u0435\u0439"},"content":{"rendered":"<div class=\"push  wpv-hide-lowres\" style=\"margin-bottom:-60px\"><\/div>\n<div class=\"limit-wrapper\"><div class=\"row \"><div class=\"wpv-grid grid-1-1  wpv-first-level grid-1-1 first has-background unextended no-extended-padding\" style=\"\n\t\t\t\tbackground: url( &#039;https:\/\/salonbastet.cz\/wp-content\/uploads\/2016\/01\/bg_intro-home.png&#039; ) no-repeat center top;\n\t\t\t\tbackground-size: auto;\n\t\t\tbackground-attachment: scroll;padding-top:50px;padding-bottom:20px;\" id=\"wpv-column-b386493af42e4cdd325574d8faa528d9\" ><div class=\"row \"><div class=\"wpv-grid grid-1-5  grid-1-5 first unextended no-extended-padding\" style=\"padding-top:0.05px;padding-bottom:0.05px;\" id=\"wpv-column-bab95a71648815e06cb732bd69497515\" ><div class=\"push  wpv-hide-lowres\" style=\"height:1px\"><\/div><\/div>\n<div class=\"wpv-grid grid-3-5  grid-3-5 unextended no-extended-padding\" style=\"padding-top:0.05px;padding-bottom:0.05px;\" id=\"wpv-column-5de555ba5caeed0d17e044c7dc5e850b\" >\t\t<h2 class=\"text-divider-double\">\t\t\t\n<span class='icon shortcode theme  use-hover' style='color:#b69e59;font-size:50px !important;'>&#58913;<\/span> KOREKCE A BARVEN\u00cd OBO\u010c\u00cd\t\t<\/h2>\t\t<div class=\"sep\"><\/div>\n\t<\/div><\/div><\/div><\/div><\/div>\n<div class=\"push  wpv-hide-lowres\" style=\"height:70px\"><\/div>\n<div class=\"limit-wrapper\"><div class=\"row \"><div class=\"wpv-grid grid-1-1 add-border wpv-first-level grid-1-1 first unextended no-extended-padding\" style=\"padding-top:0.05px;padding-bottom:0.05px;\" id=\"wpv-column-ad0a770f2c8f83aece2370c1a92b1193\" ><div class=\"row \"><div class=\"wpv-grid grid-1-2  grid-1-2 first wpv-hide-bg-lowres has-background unextended no-extended-padding\" style=\"\n\t\t\t\tbackground: url( &#039;https:\/\/salonbastet.cz\/wp-content\/uploads\/2015\/02\/bg_table_price.jpg&#039; ) no-repeat left bottom;\n\t\t\t\tbackground-size: auto;\n\t\t\tbackground-attachment: scroll;padding-top:0.05px;padding-bottom:100px;\" id=\"wpv-column-265a54ff5aac3bcbfa7e67d19edef15e\" ><div class=\"row \"><div class=\"wpv-grid grid-1-1  grid-1-1 first unextended animation-from-bottom animated-active no-extended-padding\" style=\"padding-top:0.05px;padding-bottom:0.05px;\" id=\"wpv-column-212a4b2fcc49be7cc4f91d7e54bdf277\" >\t\t<h2 class=\"text-divider-double\">\t\t\t\nCenik\t\t<\/h2>\t\t<div class=\"sep\"><\/div>\n\t<\/div><\/div>\n<div class=\"push  wpv-hide-lowres\" style=\"height:20px\"><\/div>\n<div class=\"row \"><div class=\"wpv-grid grid-1-1  grid-1-1 first unextended animation-fade-in animated-active no-extended-padding\" style=\"padding-top:0.05px;padding-bottom:0.05px;\" id=\"wpv-column-b99756b57c23e215c818d9462a6154f1\" ><table class=\"vamtam-styled\">\n<tbody>\n<tr>\n<th><strong>KOREKCE A BARVEN\u00cd OBO\u010c\u00cd:<\/strong><\/th>\n<th>\n<p style=\"text-align: right;\">\n<\/th>\n<\/tr>\n<tr>\n<td>Barven\u00ed obo\u010d\u00ed barvou Estel<\/td>\n<td><\/td>\n<td style=\"text-align: right;\"><span class='icon shortcode theme  use-hover' style='color:#545f64;font-size:14px !important;'>&#57530;<\/span>\u00a0 20 min.<\/td>\n<td>\n<p style=\"text-align: right;\"><strong>150\u00a0K\u010d<\/strong><\/p>\n<\/td>\n<\/tr>\n<tr>\n<td>\u00daprava obo\u010d\u00ed<\/td>\n<td><\/td>\n<td style=\"text-align: right;\"><span class='icon shortcode theme  use-hover' style='color:#545f64;font-size:14px !important;'>&#57530;<\/span>\u00a0 20 min.<\/td>\n<td>\n<p style=\"text-align: right;\"><strong>200\u00a0K\u010d<\/strong><\/p>\n<\/td>\n<\/tr>\n<tr>\n<td>Biotatua\u017e obo\u010d\u00ed s Hennou<\/td>\n<td><\/td>\n<td style=\"text-align: right;\"><span class='icon shortcode theme  use-hover' style='color:#545f64;font-size:14px !important;'>&#57530;<\/span>\u00a0 40 min.<\/td>\n<td>\n<p style=\"text-align: right;\"><strong>400\u00a0K\u010d<\/strong><\/p>\n<\/td>\n<\/tr>\n<tr>\n<td>Barven\u00ed \u0159as<\/td>\n<td><\/td>\n<td style=\"text-align: right;\"><span class='icon shortcode theme  use-hover' style='color:#545f64;font-size:14px !important;'>&#57530;<\/span>\u00a0 15 min.<\/td>\n<td>\n<p style=\"text-align: right;\"><strong>200\u00a0K\u010d<\/strong><\/p>\n<\/td>\n<\/tr>\n<\/tbody>\n<\/table><\/div><\/div><\/div>\n<div class=\"wpv-grid grid-1-2  grid-1-2 unextended left-border no-extended-padding\" style=\"padding-top:0.05px;padding-bottom:20px;\" id=\"wpv-column-a02ffaeb4de2f3a865cd30068686aa48\" ><style>#wpv-column-a02ffaeb4de2f3a865cd30068686aa48:before{background-color:#ededed;}<\/style><div class=\"row \"><div class=\"wpv-grid grid-1-1  grid-1-1 first unextended animation-from-bottom animated-active no-extended-padding\" style=\"padding-top:0.05px;padding-bottom:0.05px;\" id=\"wpv-column-bb35fdd6a5d7a8a046352396d27d8b2c\" >\t\t<h2 class=\"text-divider-double\">\t\t\t\nOBJEDNAT SE\t\t<\/h2>\t\t<div class=\"sep\"><\/div>\n\t<\/div><\/div>\n<div class=\"row \"><div class=\"wpv-grid grid-1-1  grid-1-1 first unextended no-extended-padding\" style=\"padding-top:0.05px;padding-bottom:0.05px;\" id=\"wpv-column-477d55a5dadfcc95e58391de80b41d1f\" >\t\t<h2 class=\"text-divider-double\">\t\t\t\nTel: <a href=\"tel:+420778010810\"><strong>+420 778 010 810<\/strong><\/a>\t\t<\/h2>\t\t<div class=\"sep\"><\/div>\n\t<\/div><\/div><\/div><\/div><\/div><\/div><\/div>\n<div class=\"push  wpv-hide-lowres\" style=\"height:60px\"><\/div>\n<div class=\"limit-wrapper\"><div class=\"row \"><div class=\"wpv-grid grid-1-1  wpv-first-level grid-1-1 first unextended no-extended-padding\" style=\"padding-top:0.05px;padding-bottom:0.05px;\" id=\"wpv-column-08ef9b49ace88629aefd5932f6e0eb11\" ><div class=\"vamtam-cubeportfolio cbp cbp-slider-edge vamtam-testimonials-slider\" data-options=\"{&quot;layoutMode&quot;:&quot;slider&quot;,&quot;drag&quot;:true,&quot;auto&quot;:false,&quot;autoTimeout&quot;:5000,&quot;autoPauseOnHover&quot;:true,&quot;showNavigation&quot;:false,&quot;showPagination&quot;:true,&quot;rewindNav&quot;:true,&quot;scrollByPage&quot;:false,&quot;gridAdjustment&quot;:&quot;responsive&quot;,&quot;mediaQueries&quot;:[{&quot;width&quot;:1,&quot;cols&quot;:1}],&quot;gapHorizontal&quot;:0,&quot;gapVertical&quot;:0,&quot;caption&quot;:&quot;&quot;,&quot;displayType&quot;:&quot;default&quot;}\"><div class=\"cbp-item\"><blockquote class='clearfix small simple post-10177 jetpack-testimonial type-jetpack-testimonial status-publish has-post-thumbnail hentry'><div class=\"quote-thumbnail\"><\/div><div class='quote-text'><div class=\"quote-title-wrapper clearfix\"><\/div><div class=\"quote-content\"><em><strong>\"\u0412\u044b\u043f\u0440\u044f\u043c\u0438\u043b\u0430 \u0432\u043e\u043b\u043e\u0441\u044b \u2014 \u043a \u0434\u043e\u0436\u0434\u044e; \u0443\u043b\u043e\u0436\u0438\u043b\u0430 \u0432\u043e\u043b\u043e\u0441\u044b \u2014 \u043a \u0432\u0435\u0442\u0440\u0443; \u043a\u0440\u0430\u0441\u0438\u0432\u043e \u0443\u043b\u043e\u0436\u0438\u043b\u0430 \u2014 \u043a \u0443\u0440\u0430\u0433\u0430\u043d\u0443; \u043d\u0435 \u0440\u0430\u0441\u0447\u0435\u0441\u0430\u043b\u0430 \u0432\u043e\u043b\u043e\u0441\u044b \u2014 \u0432\u0441\u0442\u0440\u0435\u0442\u0438\u043b\u0430 \u0432\u0441\u0435\u0445 \u0437\u043d\u0430\u043a\u043e\u043c\u044b\u0445\"<\/strong><\/em><\/div>\n<\/div><\/blockquote><\/div><div class=\"cbp-item\"><blockquote class='clearfix small simple post-10430 jetpack-testimonial type-jetpack-testimonial status-publish has-post-thumbnail hentry'><div class=\"quote-thumbnail\"><\/div><div class='quote-text'><div class=\"quote-title-wrapper clearfix\"><\/div><div class=\"quote-content\"><em><strong>\u041f\u0440\u0438\u0432\u043b\u0435\u043a\u0430\u0442\u0435\u043b\u044c\u043d\u044b\u043c \u043b\u044e\u0434\u044f\u043c \u0447\u0430\u0449\u0435 \u0441\u043e\u043f\u0443\u0442\u0441\u0442\u0432\u0443\u0435\u0442 \u0443\u0434\u0430\u0447\u0430, \u0430\u00a0\u043c\u043e\u0434\u043d\u0430\u044f \u043c\u0443\u0436\u0441\u043a\u0430\u044f \u0441\u0442\u0440\u0438\u0436\u043a\u0430 \u2013 \u0437\u0430\u043b\u043e\u0433 \u0443\u0441\u043f\u0435\u0445\u0430!<\/strong><\/em><\/div>\n<\/div><\/blockquote><\/div><div class=\"cbp-item\"><blockquote class='clearfix small simple post-10431 jetpack-testimonial type-jetpack-testimonial status-publish has-post-thumbnail hentry'><div class=\"quote-thumbnail\"><\/div><div class='quote-text'><div class=\"quote-title-wrapper clearfix\"><\/div><div class=\"quote-content\">\n<p><em><strong><span style=\"color: #000000;\">\"\u041a\u0440\u0430\u0441\u043e\u0442\u0430 \u0434\u0435\u0439\u0441\u0442\u0432\u0443\u0435\u0442 \u0434\u0430\u0436\u0435 \u043d\u0430 \u0442\u0435\u0445, \u043a\u0442\u043e \u0435\u0435 \u043d\u0435 \u0437\u0430\u043c\u0435\u0447\u0430\u0435\u0442\".<\/span><\/strong><\/em><\/p>\n<p><em><strong><span style=\"color: #000000;\">\u0416\u0430\u043d \u041a\u043e\u043a\u0442\u043e<\/span><\/strong><\/em><\/p>\n<p><!-- wp:paragraph --><\/p>\n<p><!-- \/wp:paragraph --><\/div>\n<\/div><\/blockquote><\/div><\/div><\/div><\/div><\/div>\n<div class=\"push  wpv-hide-lowres\" style=\"height:60px\"><\/div>\n<div class=\"row \"><div class=\"wpv-grid grid-1-1  wpv-first-level grid-1-1 first extended-content unextended no-extended-padding\" style=\"padding-top:0.05px;padding-bottom:0.05px;\" id=\"wpv-column-4258e81a7f20a63a8a8d90765b5b9ff5\" ><div class=\"extended-column-inner\"><div class=\"row \"><div class=\"wpv-grid grid-1-1  grid-1-1 first unextended animation-zoom-in animated-active no-extended-padding\" style=\"padding-top:0.05px;padding-bottom:0.05px;\" id=\"wpv-column-f52e52b500fa7bd8408b4b7c1c2570ce\" ><div class=\"sep-3\"><\/div><\/div><\/div><\/div><\/div><\/div>\n<div class=\"push  wpv-hide-lowres\" style=\"margin-bottom:-31px\"><\/div>\n<div class=\"row \"><div class=\"wpv-grid grid-1-1  wpv-first-level grid-1-1 first extended-content unextended no-extended-padding\" style=\"padding-top:0.05px;padding-bottom:0.05px;\" id=\"wpv-column-986d9e1831f6098ff6e8f6d7c4cd79fd\" ><div class=\"extended-column-inner\"><div class=\"row \"><div class=\"wpv-grid grid-1-6  grid-1-6 lowres-width-override lowres-grid-1-2 first unextended animation-fade-in animated-active no-extended-padding\" style=\"padding-top:0.05px;padding-bottom:0.05px;\" id=\"wpv-column-1267fe3dd9adb9765aa9e39cf7b6af49\" >\n<div  data-href=\"\/service\/damske-kadernictvi\/\" tabindex=\"1\" data-target=\"_self\" class=\"linkarea clearfix accent7  background-accent5\">\n\t\t\t<div class=\"first\"><span class='icon shortcode theme  use-hover' style='color:#b69e59;font-size:45px !important;'>&#58916;<\/span><\/div>\n\t\t\t\t<div class=\"last\"><h3 style=\"text-align: center;\">D\u00e1msk\u00e9 kade\u0159nictv\u00ed<\/h3><\/div>\n\t<\/div>\n<\/div>\n<div class=\"wpv-grid grid-1-6  grid-1-6 lowres-width-override lowres-grid-1-2 unextended animation-fade-in animated-active no-extended-padding\" style=\"padding-top:0.05px;padding-bottom:0.05px;\" id=\"wpv-column-b06288748df2cb0c320806fbdab49f96\" >\n<div  data-href=\"\/service\/detske-strihy\/\" tabindex=\"1\" data-target=\"_self\" class=\"linkarea clearfix accent7  background-accent5\">\n\t\t\t<div class=\"first\"><span class='icon shortcode theme  use-hover' style='color:#b69e59;font-size:45px !important;'>&#58919;<\/span><\/div>\n\t\t\t\t<div class=\"last\"><h3 style=\"text-align: center;\">D\u011btsk\u00e9 kade\u0159nictv\u00ed<\/h3><\/div>\n\t<\/div>\n<\/div>\n<div class=\"wpv-grid grid-1-6  grid-1-6 lowres-width-override lowres-grid-1-2 unextended animation-fade-in animated-active no-extended-padding\" style=\"padding-top:0.05px;padding-bottom:0.05px;\" id=\"wpv-column-d33120a1461a332e1d5f5263ae71c25b\" >\n<div  data-href=\"\/service\/manikura\/\" tabindex=\"1\" data-target=\"_self\" class=\"linkarea clearfix accent7  background-accent5\">\n\t\t\t<div class=\"first\"><span class='icon shortcode theme  use-hover' style='color:#b69e59;font-size:45px !important;'>&#58918;<\/span><\/div>\n\t\t\t\t<div class=\"last\"><h3 style=\"text-align: center;\">Manik\u00fara<\/h3><\/div>\n\t<\/div>\n<\/div>\n<div class=\"wpv-grid grid-1-6  grid-1-6 lowres-width-override lowres-grid-1-2 unextended animation-fade-in animated-active no-extended-padding\" style=\"padding-top:0.05px;padding-bottom:0.05px;\" id=\"wpv-column-7e3b9bc4a54104e0bfaf6dad1c16f2ea\" >\n<div  data-href=\"\/service\/korekce-a-barveni-oboci\/\" tabindex=\"1\" data-target=\"_self\" class=\"linkarea clearfix accent7  background-accent5\">\n\t\t\t<div class=\"first\"><span class='icon shortcode   use-hover' style='color:#b69e59;font-size:45px !important;'>&#57841;<\/span><\/div>\n\t\t\t\t<div class=\"last\"><h3 style=\"text-align: center;\">Obo\u010d\u00ed, \u0159as<\/h3><\/div>\n\t<\/div>\n<\/div>\n<div class=\"wpv-grid grid-1-6  grid-1-6 lowres-width-override lowres-grid-1-2 unextended animation-fade-in animated-active no-extended-padding\" style=\"padding-top:0.05px;padding-bottom:0.05px;\" id=\"wpv-column-9cc1c797c70f9b9d845221566ce557fc\" >\n<div  data-href=\"\/service\/barveni\/\" tabindex=\"1\" data-target=\"_self\" class=\"linkarea clearfix accent7  background-accent5\">\n\t\t\t<div class=\"first\"><span class='icon shortcode theme  use-hover' style='color:#b69e59;font-size:45px !important;'>&#58915;<\/span><\/div>\n\t\t\t\t<div class=\"last\"><h3 style=\"text-align: center;\">Barven\u00ed vlas\u016f<\/h3><\/div>\n\t<\/div>\n<\/div>\n<div class=\"wpv-grid grid-1-6  grid-1-6 lowres-width-override lowres-grid-1-2 unextended animation-fade-in animated-active no-extended-padding\" style=\"padding-top:0.05px;padding-bottom:0.05px;\" id=\"wpv-column-9335f1ceffc02f379ee3b4cbce18c012\" >\n<div  data-href=\"\/service\/panske-kadernictvi\/\" tabindex=\"1\" data-target=\"_self\" class=\"linkarea clearfix accent7  background-accent5\">\n\t\t\t<div class=\"first\"><span class='icon shortcode theme  use-hover' style='color:#b69e59;font-size:45px !important;'>&#58914;<\/span><\/div>\n\t\t\t\t<div class=\"last\"><h3 style=\"text-align: center;\">P\u00e1nsk\u00e9 st\u0159ihy<\/h3><\/div>\n\t<\/div>\n<\/div><\/div><\/div><\/div><\/div>\n","protected":false},"excerpt":{"rendered":"<p>&#171;\u041a\u0440\u0430\u0441\u043e\u0442\u0430 \u0434\u0435\u0439\u0441\u0442\u0432\u0443\u0435\u0442 \u0434\u0430\u0436\u0435 \u043d\u0430 \u0442\u0435\u0445, \u043a\u0442\u043e \u0435\u0435 \u043d\u0435 \u0437\u0430\u043c\u0435\u0447\u0430\u0435\u0442&#187;. \u0416\u0430\u043d \u041a\u043e\u043a\u0442\u043e<\/p>\n","protected":false},"author":1,"featured_media":14355,"parent":7956,"menu_order":36,"comment_status":"closed","ping_status":"closed","template":"","meta":{"footnotes":""},"acf":[],"jetpack_sharing_enabled":false,"jetpack_likes_enabled":true,"_links":{"self":[{"href":"https:\/\/salonbastet.cz\/ru\/wp-json\/wp\/v2\/pages\/12551"}],"collection":[{"href":"https:\/\/salonbastet.cz\/ru\/wp-json\/wp\/v2\/pages"}],"about":[{"href":"https:\/\/salonbastet.cz\/ru\/wp-json\/wp\/v2\/types\/page"}],"author":[{"embeddable":true,"href":"https:\/\/salonbastet.cz\/ru\/wp-json\/wp\/v2\/users\/1"}],"replies":[{"embeddable":true,"href":"https:\/\/salonbastet.cz\/ru\/wp-json\/wp\/v2\/comments?post=12551"}],"version-history":[{"count":23,"href":"https:\/\/salonbastet.cz\/ru\/wp-json\/wp\/v2\/pages\/12551\/revisions"}],"predecessor-version":[{"id":15367,"href":"https:\/\/salonbastet.cz\/ru\/wp-json\/wp\/v2\/pages\/12551\/revisions\/15367"}],"up":[{"embeddable":true,"href":"https:\/\/salonbastet.cz\/ru\/wp-json\/wp\/v2\/pages\/7956"}],"wp:featuredmedia":[{"embeddable":true,"href":"https:\/\/salonbastet.cz\/ru\/wp-json\/wp\/v2\/media\/14355"}],"wp:attachment":[{"href":"https:\/\/salonbastet.cz\/ru\/wp-json\/wp\/v2\/media?parent=12551"}],"curies":[{"name":"wp","href":"https:\/\/api.w.org\/{rel}","templated":true}]}}